{"id":15707,"date":"2026-04-20T03:10:39","date_gmt":"2026-04-20T00:10:39","guid":{"rendered":"https:\/\/kasskoer.ee\/product\/brit-care-cat-snack-superfruits-insect-hupoallergeenne-kassimaius-100g-2\/"},"modified":"2026-04-20T03:10:41","modified_gmt":"2026-04-20T00:10:41","slug":"brit-care-superfruits-insect-hupoallergeenne-kassimaius-100g","status":"publish","type":"product","link":"https:\/\/kasskoer.ee\/en\/toode\/brit-care-superfruits-insect-hupoallergeenne-kassimaius-100g\/","title":{"rendered":"Brit Care SuperFruits Insect h\u00fcpoallergeenne kassimaius 100g"},"content":{"rendered":"<p><b>Brit Care teraviljavaba t\u00e4iends\u00f6\u00f6t t\u00e4iskasvanud kassidele. Sobib toidutalumatuse all kannatavatele kassidele.<\/b><br \/>&#13;<br \/>\n<br \/>&#13;<br \/>\n<b>Koostis<\/b><br \/>&#13;<br \/>\nPutukavalk (30%), kollane hernes, l\u00f5hevalk (15%), hernevalk, kookos\u00f5li (9%), kuivatatud kibuvitsamarjad (4%), l\u00f5he\u00f5li (2%), h\u00fcdrol\u00fc\u00fcsitud l\u00f5hevalk (2%), kuivatatud naisten\u00f5ges (1%), linaseemned (1%).<br \/>&#13;<br \/>\n<br \/>&#13;<br \/>\n<b>Anal\u00fc\u00fctilised koostisosad<\/b><br \/>&#13;<br \/>\nToorvalk 34,0%, toorrasv 17,0%, toortuhk 5,9%, toorkiud 1,5%, niiskus 10,0%, kaltsium 0,9%, fosfor 0,7%, naatrium 0,3%, magneesium 0,1%, oomega-3 0,85%, oomega-6 1,20%.<br \/>&#13;<br \/>\n<br \/>&#13;<br \/>\n<b>S\u00f6\u00f6dalisandid<\/b><br \/>&#13;<br \/>\nSisaldab ELi poolt heakskiidetud antioks\u00fcdante: taime\u00f5lidest saadud tokoferooliekstraktid (1b306(i)), askorb\u00fc\u00fclpalmitaat (1b304) ja rosmariiniekstrakt.<br \/>&#13;<br \/>\n<br \/>&#13;<br \/>\n<b>Metaboliseeruv energia<\/b><br \/>&#13;<br \/>\n3,975 kcal\/kg<\/p>\n","protected":false},"excerpt":{"rendered":"<p>Brit Care putukate, kookos\u00f5li ja kibuvitsamarjadega kr\u00f5be h\u00fcpoallergeenne maiustus t\u00e4iskasvanud kassidele.<\/p>\n","protected":false},"featured_media":12646,"template":"","meta":[],"product_cat":[1211],"product_tag":[],"class_list":{"0":"post-15707","1":"product","2":"type-product","3":"status-publish","4":"has-post-thumbnail","6":"product_cat-kasside-maiused","7":"pa_brand-brit-care","8":"pa_ean-807","9":"pa_kaal-0-100","10":"pa_tootjariik-tsehhi","12":"first","13":"outofstock","14":"taxable","15":"shipping-taxable","16":"purchasable","17":"product-type-simple"},"_links":{"self":[{"href":"https:\/\/kasskoer.ee\/en\/wp-json\/wp\/v2\/product\/15707","targetHints":{"allow":["GET"]}}],"collection":[{"href":"https:\/\/kasskoer.ee\/en\/wp-json\/wp\/v2\/product"}],"about":[{"href":"https:\/\/kasskoer.ee\/en\/wp-json\/wp\/v2\/types\/product"}],"wp:featuredmedia":[{"embeddable":true,"href":"https:\/\/kasskoer.ee\/en\/wp-json\/wp\/v2\/media\/12646"}],"wp:attachment":[{"href":"https:\/\/kasskoer.ee\/en\/wp-json\/wp\/v2\/media?parent=15707"}],"wp:term":[{"taxonomy":"product_cat","embeddable":true,"href":"https:\/\/kasskoer.ee\/en\/wp-json\/wp\/v2\/product_cat?post=15707"},{"taxonomy":"product_tag","embeddable":true,"href":"https:\/\/kasskoer.ee\/en\/wp-json\/wp\/v2\/product_tag?post=15707"}],"curies":[{"name":"wp","href":"https:\/\/api.w.org\/{rel}","templated":true}]}}