{"id":15709,"date":"2026-04-20T03:10:39","date_gmt":"2026-04-20T00:10:39","guid":{"rendered":"https:\/\/kasskoer.ee\/product\/brit-care-cat-grain-free-insect-fresh-herring-kassitoit-04-kg-2\/"},"modified":"2026-04-20T03:10:41","modified_gmt":"2026-04-20T00:10:41","slug":"brit-care-cat-grain-free-insect-fresh-herring-kassitoit-04-kg","status":"publish","type":"product","link":"https:\/\/kasskoer.ee\/en\/toode\/brit-care-cat-grain-free-insect-fresh-herring-kassitoit-04-kg\/","title":{"rendered":"Brit Care Cat Grain-Free Insect &#038; Fresh Herring kassitoit 0,4 kg"},"content":{"rendered":"<p><strong>T\u00e4iss\u00f6\u00f6t t\u00e4iskasvanud kassidele. Teraviljavaba allergiaohutu koostis toidutalumatuse all kannatavatele kassidele.<\/strong><br \/> Rikkalikult oomega-3 ja oomega-6 rasvhappeid sisaldav koostis terve naha ja l\u00e4ikiva karvkatte jaoks. Putukavalk toetab normaalset seedimist ja v\u00e4hendab toiduallergiate tekkimise ohtu. Uus, j\u00e4tkusuutlik valguallikas, millel on v\u00e4ike s\u00fcsiniku jalaj\u00e4lg. <\/p>\n<ul>\n<li>Putukad&nbsp;on alternatiivne valguallikas, mis on v\u00e4ga h\u00e4sti seeditav ja v\u00e4ikese allergiaohuga.<\/li>\n<li>Probiootikumid&nbsp;ja prebiootikumid&nbsp;aitavad hoida soolestiku&nbsp;tervena ja immuunsuse tugevana.<\/li>\n<li>Astelpaju&nbsp;toetab neerude ja kuseteede tervist.<\/li>\n<li>S\u00fcdamerohi on tuntud oma v\u00f5ime poolest pakkuda loomulikku ja t\u00f5husat stressikaitset. See stabiliseerib s\u00fcdamefunktsiooni ja v\u00e4hendab k\u00f5rget verer\u00f5hku, mis aitab toakassidel stressiga toime tulla.<\/li>\n<li>Suur oomega-3 ja oomega-6 rasvhapete sisaldus terve naha ja l\u00e4ikiva karvkatte jaoks.<\/li>\n<li>Sisaldab kookos\u00f5li \u2013 ei sisalda kanarasva.<\/li>\n<li>Teraviljavaba \u2013 v\u00e4rvainevaba \u2013 s\u00e4ilitusainetevaba \u2013 GMO vaba \u2013 soja vaba.<\/li>\n<\/ul>\n<p> <strong>Koostis<\/strong><br \/> V\u00e4rske heeringas (26%), kollane hernes (23%), deh\u00fcdreeritud heeringas (20%), deh\u00fcdreeritud putukad (14%), kookos\u00f5li (s\u00e4ilitusaine tokoferoolid 8%), heeringa\u00f5li (2%), looduslik l\u00f5hna- ja maitseaine h\u00fcdrol\u00fc\u00fcsitud maksast (2%), kuivatatud \u00f5un (2%), linaseemned (1%), kuivatatud veiste-s\u00fcdamerohi (0,5%), kuivatatud kummel (0,5%), hernejahu, kuivatatud astelpalju (0,3%), kuivatatud pohlad (0,2%), fruktooligosahhariidid (0,015%), mannanoligosahhariidid (0,015%), t\u00e4\u00e4kliilia (0,008%), inaktiveeritud Lactobacillus acidophilus HA-122 (15&#215;109 rakku\/kg).<\/p>\n<p> <strong>Anal\u00fc\u00fctilised koostisosad<\/strong><br \/> Toorvalk 34,0%, toorrasv 16,0%, toorkiud 1,2%, toortuhk 8,2%, niiskus 10,0%, oomega-3 rasvhapped 0,8%, oomega-6 rasvhapped 2,2%, kaltsium 1,1%, fosfor 0,8%, naatrium 1,0%, magneesium 0,1%.<\/p>\n<p> <strong>Toidukoostis<\/strong><br \/> A-vitamiin (3a672a) 20 000 R\u00dc, D3-vitamiin (3a671) 800 R\u00dc, E-vitamiin (3a700) 600 mg, C-vitamiin (3a312) 300 mg, tauriin (3a370) 2000 mg, L-karnitiin (3a910) 50 mg, koliinkloriid (3a890) 2500 mg, biotiin (3a880) 2 mg, B1-vitamiin (3a821) 10 mg, B2-vitamiin (3a825i) 12 mg, niatsiinamiid (3a315) 50 mg, D-kaltsiumpantotenaat (3a841) 40 mg, B6-vitamiin (3a831) 10 mg, foolhape (3a316) 2 mg, B12-vitamiin 0,04 mg, tsink (3b606) 120 mg, raud (3b106) 45 mg, mangaan (3b504) 55 mg, kaaliumjodiid (3b201) 4 mg, vask (3b406) 10 mg, seleen (3b810) 0,2 mg, L-metioniin 2000 mg. Sisaldab ELi poolt heakskiidetud looduslikke antioks\u00fcdante: taime\u00f5lidest saadud tokoferooliekstraktid (1b306(i)), askorb\u00fc\u00fclpalmitaat (1b304) ja rosmariiniekstrakt.<\/p>\n<p> <strong>Metaboliseeruv energia<\/strong><br \/> 3,860 kcal\/kg<\/p>\n<p> <strong>Toitmisjuhend<\/strong><br \/> Serveeri toitu kuivalt v\u00f5i leiges vees niisutatud kujul. Veenduge, et teie kassil oleks kogu aeg juurdep\u00e4\u00e4s v\u00e4rskele joogiveele. Toit peaks olema kassile saadaval kogu p\u00e4eva. Esmakordsel serveerimisel segage \u00fclemineku h\u00f5lbustamiseks j\u00e4rk-j\u00e4rgult eelmise toiduga. Hoida kuivas ja jahedas, eemal otsesest p\u00e4ikesevalgusest. P\u00e4rast avamist sulgege uuesti.<\/p>\n","protected":false},"excerpt":{"rendered":"<p>Brit Care h\u00fcpoallergeenne t\u00e4istoit putukavalgu ja v\u00e4rske heeringaga toidutalumatusega t\u00e4iskasvanud kassidele.<\/p>\n","protected":false},"featured_media":12650,"template":"","meta":[],"product_cat":[689,75],"product_tag":[],"class_list":{"0":"post-15709","1":"product","2":"type-product","3":"status-publish","4":"has-post-thumbnail","6":"product_cat-kassid","7":"product_cat-kassitoit","8":"pa_brand-brit-care","9":"pa_ean-1116","10":"pa_kaal-0-400","11":"pa_tootjariik-tsehhi","13":"first","14":"instock","15":"taxable","16":"shipping-taxable","17":"purchasable","18":"product-type-simple"},"_links":{"self":[{"href":"https:\/\/kasskoer.ee\/en\/wp-json\/wp\/v2\/product\/15709","targetHints":{"allow":["GET"]}}],"collection":[{"href":"https:\/\/kasskoer.ee\/en\/wp-json\/wp\/v2\/product"}],"about":[{"href":"https:\/\/kasskoer.ee\/en\/wp-json\/wp\/v2\/types\/product"}],"wp:featuredmedia":[{"embeddable":true,"href":"https:\/\/kasskoer.ee\/en\/wp-json\/wp\/v2\/media\/12650"}],"wp:attachment":[{"href":"https:\/\/kasskoer.ee\/en\/wp-json\/wp\/v2\/media?parent=15709"}],"wp:term":[{"taxonomy":"product_cat","embeddable":true,"href":"https:\/\/kasskoer.ee\/en\/wp-json\/wp\/v2\/product_cat?post=15709"},{"taxonomy":"product_tag","embeddable":true,"href":"https:\/\/kasskoer.ee\/en\/wp-json\/wp\/v2\/product_tag?post=15709"}],"curies":[{"name":"wp","href":"https:\/\/api.w.org\/{rel}","templated":true}]}}