{"id":15714,"date":"2026-04-20T03:10:39","date_gmt":"2026-04-20T00:10:39","guid":{"rendered":"https:\/\/kasskoer.ee\/product\/t-sark-siberi-husky-suurus-xl-2\/"},"modified":"2026-04-20T03:10:41","modified_gmt":"2026-04-20T00:10:41","slug":"t-sark-siberi-husky-suurus-xl","status":"publish","type":"product","link":"https:\/\/kasskoer.ee\/en\/toode\/t-sark-siberi-husky-suurus-xl\/","title":{"rendered":"T-s\u00e4rk Siberi Husky suurus XL"},"content":{"rendered":"<ul>\n<li>Kvaliteetne T-s\u00e4rk on valmistatud 100% puuvillast.<\/li>\n<li>T-s\u00e4rk on 40\u00b0C juures masinpestav.<\/li>\n<\/ul>\n<p> \u200b\u200b\u200b<strong>S\u00e4rgi m\u00f5\u00f5tmed<\/strong><br \/> Pikkus 77cm<br \/> Laius 60cm<br \/> K\u00e4ise pikkus 22cm<\/p>\n","protected":false},"excerpt":{"rendered":"<p>Siberi husky pildiga T-s\u00e4rk naistele ja meestele.<\/p>\n","protected":false},"featured_media":12660,"template":"","meta":[],"product_cat":[1212],"product_tag":[],"class_list":{"0":"post-15714","1":"product","2":"type-product","3":"status-publish","4":"has-post-thumbnail","6":"product_cat-t-sark","7":"pa_ean-944","8":"pa_kaal-0-300","9":"pa_tootjariik-hiina","11":"first","12":"instock","13":"taxable","14":"shipping-taxable","15":"purchasable","16":"product-type-simple"},"_links":{"self":[{"href":"https:\/\/kasskoer.ee\/en\/wp-json\/wp\/v2\/product\/15714","targetHints":{"allow":["GET"]}}],"collection":[{"href":"https:\/\/kasskoer.ee\/en\/wp-json\/wp\/v2\/product"}],"about":[{"href":"https:\/\/kasskoer.ee\/en\/wp-json\/wp\/v2\/types\/product"}],"wp:featuredmedia":[{"embeddable":true,"href":"https:\/\/kasskoer.ee\/en\/wp-json\/wp\/v2\/media\/12660"}],"wp:attachment":[{"href":"https:\/\/kasskoer.ee\/en\/wp-json\/wp\/v2\/media?parent=15714"}],"wp:term":[{"taxonomy":"product_cat","embeddable":true,"href":"https:\/\/kasskoer.ee\/en\/wp-json\/wp\/v2\/product_cat?post=15714"},{"taxonomy":"product_tag","embeddable":true,"href":"https:\/\/kasskoer.ee\/en\/wp-json\/wp\/v2\/product_tag?post=15714"}],"curies":[{"name":"wp","href":"https:\/\/api.w.org\/{rel}","templated":true}]}}