{"id":15717,"date":"2026-04-20T03:10:39","date_gmt":"2026-04-20T00:10:39","guid":{"rendered":"https:\/\/kasskoer.ee\/product\/t-sark-siberi-husky-suurus-s-2\/"},"modified":"2026-04-20T03:10:41","modified_gmt":"2026-04-20T00:10:41","slug":"t-sark-siberi-husky-suurus-s","status":"publish","type":"product","link":"https:\/\/kasskoer.ee\/en\/toode\/t-sark-siberi-husky-suurus-s\/","title":{"rendered":"T-s\u00e4rk Siberi Husky suurus S"},"content":{"rendered":"<ul>\n<li>Kvaliteetne T-s\u00e4rk on valmistatud 100% puuvillast.<\/li>\n<li>T-s\u00e4rk on 40\u00b0C juures masinpestav.<\/li>\n<\/ul>\n<p> <strong>S\u00e4rgi m\u00f5\u00f5tmed<\/strong><br \/> Pikkus 69cm<br \/> Laius 47cm<br \/> K\u00e4ise pikkus 19cm<\/p>\n","protected":false},"excerpt":{"rendered":"<p>Siberi husky pildiga T-s\u00e4rk naistele ja meestele.<\/p>\n","protected":false},"featured_media":12666,"template":"","meta":[],"product_cat":[1212],"product_tag":[],"class_list":{"0":"post-15717","1":"product","2":"type-product","3":"status-publish","4":"has-post-thumbnail","6":"product_cat-t-sark","7":"pa_ean-941","8":"pa_kaal-0-300","9":"pa_tootjariik-hiina","11":"first","12":"outofstock","13":"taxable","14":"shipping-taxable","15":"purchasable","16":"product-type-simple"},"_links":{"self":[{"href":"https:\/\/kasskoer.ee\/en\/wp-json\/wp\/v2\/product\/15717","targetHints":{"allow":["GET"]}}],"collection":[{"href":"https:\/\/kasskoer.ee\/en\/wp-json\/wp\/v2\/product"}],"about":[{"href":"https:\/\/kasskoer.ee\/en\/wp-json\/wp\/v2\/types\/product"}],"wp:featuredmedia":[{"embeddable":true,"href":"https:\/\/kasskoer.ee\/en\/wp-json\/wp\/v2\/media\/12666"}],"wp:attachment":[{"href":"https:\/\/kasskoer.ee\/en\/wp-json\/wp\/v2\/media?parent=15717"}],"wp:term":[{"taxonomy":"product_cat","embeddable":true,"href":"https:\/\/kasskoer.ee\/en\/wp-json\/wp\/v2\/product_cat?post=15717"},{"taxonomy":"product_tag","embeddable":true,"href":"https:\/\/kasskoer.ee\/en\/wp-json\/wp\/v2\/product_tag?post=15717"}],"curies":[{"name":"wp","href":"https:\/\/api.w.org\/{rel}","templated":true}]}}