{"id":15734,"date":"2026-04-20T03:10:42","date_gmt":"2026-04-20T00:10:42","guid":{"rendered":"https:\/\/kasskoer.ee\/product\/record-turvavoo-rihm-40-50cm-x-25cm-2\/"},"modified":"2026-04-20T03:10:42","modified_gmt":"2026-04-20T00:10:42","slug":"record-turvavoo-rihm-40-50cm-x-25cm","status":"publish","type":"product","link":"https:\/\/kasskoer.ee\/en\/toode\/record-turvavoo-rihm-40-50cm-x-25cm\/","title":{"rendered":"Record turvav\u00f6\u00f6 rihm 40-50cm x 2,5cm"},"content":{"rendered":"<li>Rihma kinnitus, mis tagab lemmikloomaga ohutu reisimise.<\/li>\n","protected":false},"excerpt":{"rendered":"<p>Lemmiklooma rihm turvav\u00f6\u00f6 \u00f5igeks ja ohutuks kasutamiseks autos\u00f5idu ajal.<\/p>\n","protected":false},"featured_media":12700,"template":"","meta":[],"product_cat":[1331],"product_tag":[],"class_list":{"0":"post-15734","1":"product","2":"type-product","3":"status-publish","4":"has-post-thumbnail","6":"product_cat-koerte-rihmad","7":"pa_brand-record","8":"pa_ean-1693","9":"pa_kaal-0-080","10":"pa_tootjariik-hiina","12":"first","13":"instock","14":"taxable","15":"shipping-taxable","16":"purchasable","17":"product-type-simple"},"_links":{"self":[{"href":"https:\/\/kasskoer.ee\/en\/wp-json\/wp\/v2\/product\/15734","targetHints":{"allow":["GET"]}}],"collection":[{"href":"https:\/\/kasskoer.ee\/en\/wp-json\/wp\/v2\/product"}],"about":[{"href":"https:\/\/kasskoer.ee\/en\/wp-json\/wp\/v2\/types\/product"}],"wp:featuredmedia":[{"embeddable":true,"href":"https:\/\/kasskoer.ee\/en\/wp-json\/wp\/v2\/media\/12700"}],"wp:attachment":[{"href":"https:\/\/kasskoer.ee\/en\/wp-json\/wp\/v2\/media?parent=15734"}],"wp:term":[{"taxonomy":"product_cat","embeddable":true,"href":"https:\/\/kasskoer.ee\/en\/wp-json\/wp\/v2\/product_cat?post=15734"},{"taxonomy":"product_tag","embeddable":true,"href":"https:\/\/kasskoer.ee\/en\/wp-json\/wp\/v2\/product_tag?post=15734"}],"curies":[{"name":"wp","href":"https:\/\/api.w.org\/{rel}","templated":true}]}}