{"id":15738,"date":"2026-04-21T03:15:19","date_gmt":"2026-04-21T00:15:19","guid":{"rendered":"https:\/\/kasskoer.ee\/product\/record-libisemisvastase-pohjaga-kauss-koerale-o-126cm-350ml-2\/"},"modified":"2026-04-21T03:15:20","modified_gmt":"2026-04-21T00:15:20","slug":"record-libisemisvastase-pohjaga-kauss-koerale-o-126cm-350ml","status":"publish","type":"product","link":"https:\/\/kasskoer.ee\/en\/toode\/record-libisemisvastase-pohjaga-kauss-koerale-o-126cm-350ml\/","title":{"rendered":"Record libisemisvastase p\u00f5hjaga kauss koerale \u00f8 12,6cm &#8211; 350ml"},"content":{"rendered":"<ul>\n<li>Kausi valmistamisel on kasutatud naturaalseid bambuse kiude.<\/li>\n<li>Kausil on kummist alus, mis muudab&nbsp;kausi libisemiskindlaks.<\/li>\n<li>Kauss on n\u00f5udepesumasinas pestav.<\/li>\n<\/ul>\n","protected":false},"excerpt":{"rendered":"<p>Record libisemisvastase p\u00f5hjaga helesinine s\u00f6\u00f6gi- ja joogin\u00f5u koerale.<\/p>\n","protected":false},"featured_media":12704,"template":"","meta":[],"product_cat":[1319],"product_tag":[],"class_list":{"0":"post-15738","1":"product","2":"type-product","3":"status-publish","4":"has-post-thumbnail","6":"product_cat-koerte-sooginoud","7":"pa_brand-record","8":"pa_ean-1050","9":"pa_kaal-0-100","10":"pa_tootjariik-itaalia","12":"first","13":"instock","14":"taxable","15":"shipping-taxable","16":"purchasable","17":"product-type-simple"},"_links":{"self":[{"href":"https:\/\/kasskoer.ee\/en\/wp-json\/wp\/v2\/product\/15738","targetHints":{"allow":["GET"]}}],"collection":[{"href":"https:\/\/kasskoer.ee\/en\/wp-json\/wp\/v2\/product"}],"about":[{"href":"https:\/\/kasskoer.ee\/en\/wp-json\/wp\/v2\/types\/product"}],"wp:featuredmedia":[{"embeddable":true,"href":"https:\/\/kasskoer.ee\/en\/wp-json\/wp\/v2\/media\/12704"}],"wp:attachment":[{"href":"https:\/\/kasskoer.ee\/en\/wp-json\/wp\/v2\/media?parent=15738"}],"wp:term":[{"taxonomy":"product_cat","embeddable":true,"href":"https:\/\/kasskoer.ee\/en\/wp-json\/wp\/v2\/product_cat?post=15738"},{"taxonomy":"product_tag","embeddable":true,"href":"https:\/\/kasskoer.ee\/en\/wp-json\/wp\/v2\/product_tag?post=15738"}],"curies":[{"name":"wp","href":"https:\/\/api.w.org\/{rel}","templated":true}]}}