{"id":15740,"date":"2026-04-20T03:10:42","date_gmt":"2026-04-20T00:10:42","guid":{"rendered":"https:\/\/kasskoer.ee\/product\/record-kassiong-sulgedega-42cm-2\/"},"modified":"2026-04-20T03:10:42","modified_gmt":"2026-04-20T00:10:42","slug":"record-kassiong-sulgedega-42cm","status":"publish","type":"product","link":"https:\/\/kasskoer.ee\/en\/toode\/record-kassiong-sulgedega-42cm\/","title":{"rendered":"Record kassi\u00f5ng sulgedega 42cm"},"content":{"rendered":"<p>Record kirevates toonides sulgedega kassi m\u00e4nguasi pakub palju m\u00e4ngulusti nii omanikule kui kassile.<\/p>\n","protected":false},"excerpt":{"rendered":"<p>Record kassilelu \u00f5ng narmaste ja sulgedega.<\/p>\n","protected":false},"featured_media":12708,"template":"","meta":[],"product_cat":[1321],"product_tag":[],"class_list":{"0":"post-15740","1":"product","2":"type-product","3":"status-publish","4":"has-post-thumbnail","6":"product_cat-kasside-manguasjad","7":"pa_brand-record","8":"pa_ean-1694","9":"pa_kaal-0-030","10":"pa_tootjariik-hiina","12":"first","13":"instock","14":"taxable","15":"shipping-taxable","16":"purchasable","17":"product-type-simple"},"_links":{"self":[{"href":"https:\/\/kasskoer.ee\/en\/wp-json\/wp\/v2\/product\/15740","targetHints":{"allow":["GET"]}}],"collection":[{"href":"https:\/\/kasskoer.ee\/en\/wp-json\/wp\/v2\/product"}],"about":[{"href":"https:\/\/kasskoer.ee\/en\/wp-json\/wp\/v2\/types\/product"}],"wp:featuredmedia":[{"embeddable":true,"href":"https:\/\/kasskoer.ee\/en\/wp-json\/wp\/v2\/media\/12708"}],"wp:attachment":[{"href":"https:\/\/kasskoer.ee\/en\/wp-json\/wp\/v2\/media?parent=15740"}],"wp:term":[{"taxonomy":"product_cat","embeddable":true,"href":"https:\/\/kasskoer.ee\/en\/wp-json\/wp\/v2\/product_cat?post=15740"},{"taxonomy":"product_tag","embeddable":true,"href":"https:\/\/kasskoer.ee\/en\/wp-json\/wp\/v2\/product_tag?post=15740"}],"curies":[{"name":"wp","href":"https:\/\/api.w.org\/{rel}","templated":true}]}}