{"id":15745,"date":"2026-04-20T03:10:42","date_gmt":"2026-04-20T00:10:42","guid":{"rendered":"https:\/\/kasskoer.ee\/product\/record-kassi-manguasi-siil-catnip-105cm-2\/"},"modified":"2026-04-20T03:10:42","modified_gmt":"2026-04-20T00:10:42","slug":"record-kassi-manguasi-siil-catnip-105cm","status":"publish","type":"product","link":"https:\/\/kasskoer.ee\/en\/toode\/record-kassi-manguasi-siil-catnip-105cm\/","title":{"rendered":"Record kassi m\u00e4nguasi Siil catnip 10,5cm"},"content":{"rendered":"<li>M\u00e4nguasjaga tuleb kaasa suletavas tuubis naisten\u00f5gese pulber m\u00e4nguasja t\u00e4itmiseks.<\/li>\n","protected":false},"excerpt":{"rendered":"<p>Pehme siili kujuline lelu koos naisten\u00f5gese pulbriga m\u00e4nguasja t\u00e4itmiseks.<\/p>\n","protected":false},"featured_media":12716,"template":"","meta":[],"product_cat":[1321],"product_tag":[],"class_list":{"0":"post-15745","1":"product","2":"type-product","3":"status-publish","4":"has-post-thumbnail","6":"product_cat-kasside-manguasjad","7":"pa_brand-record","8":"pa_ean-1695","9":"pa_kaal-0-020","10":"pa_tootjariik-hiina","12":"first","13":"instock","14":"taxable","15":"shipping-taxable","16":"purchasable","17":"product-type-simple"},"_links":{"self":[{"href":"https:\/\/kasskoer.ee\/en\/wp-json\/wp\/v2\/product\/15745","targetHints":{"allow":["GET"]}}],"collection":[{"href":"https:\/\/kasskoer.ee\/en\/wp-json\/wp\/v2\/product"}],"about":[{"href":"https:\/\/kasskoer.ee\/en\/wp-json\/wp\/v2\/types\/product"}],"wp:featuredmedia":[{"embeddable":true,"href":"https:\/\/kasskoer.ee\/en\/wp-json\/wp\/v2\/media\/12716"}],"wp:attachment":[{"href":"https:\/\/kasskoer.ee\/en\/wp-json\/wp\/v2\/media?parent=15745"}],"wp:term":[{"taxonomy":"product_cat","embeddable":true,"href":"https:\/\/kasskoer.ee\/en\/wp-json\/wp\/v2\/product_cat?post=15745"},{"taxonomy":"product_tag","embeddable":true,"href":"https:\/\/kasskoer.ee\/en\/wp-json\/wp\/v2\/product_tag?post=15745"}],"curies":[{"name":"wp","href":"https:\/\/api.w.org\/{rel}","templated":true}]}}