{"id":15746,"date":"2026-04-20T03:10:42","date_gmt":"2026-04-20T00:10:42","guid":{"rendered":"https:\/\/kasskoer.ee\/product\/record-beez-kassitualett-50x39x37cm-2\/"},"modified":"2026-04-20T03:10:43","modified_gmt":"2026-04-20T00:10:43","slug":"record-beez-kassitualett-50x39x37cm","status":"publish","type":"product","link":"https:\/\/kasskoer.ee\/en\/toode\/record-beez-kassitualett-50x39x37cm\/","title":{"rendered":"Record bee\u017e kassitualett 50x39x37cm"},"content":{"rendered":"<p>Liivakastil on vahetatav aktiivs\u00f6ega filter, mis aitab neutraliseerida ebameeldivat l\u00f5hna.<br \/> Liivakastiga tuleb kaasa k\u00fchvel ning samuti on see lahti v\u00f5etav, niimoodi on puhastamine v\u00f5imalikult mugav.<\/p>\n<p> <strong>M\u00f5\u00f5tmed<\/strong><br \/> 50x39x37cm<\/p>\n","protected":false},"excerpt":{"rendered":"<p>Record bee\u017ei v\u00e4rvi liivakast kassile.<\/p>\n","protected":false},"featured_media":12718,"template":"","meta":[],"product_cat":[692,1001],"product_tag":[],"class_list":{"0":"post-15746","1":"product","2":"type-product","3":"status-publish","4":"has-post-thumbnail","6":"product_cat-lemmikutele-lisaks","7":"product_cat-tualetid","8":"pa_brand-record","9":"pa_ean-1018","10":"pa_kaal-1-500","11":"pa_tootjariik-itaalia","13":"first","14":"outofstock","15":"taxable","16":"shipping-taxable","17":"purchasable","18":"product-type-simple"},"_links":{"self":[{"href":"https:\/\/kasskoer.ee\/en\/wp-json\/wp\/v2\/product\/15746","targetHints":{"allow":["GET"]}}],"collection":[{"href":"https:\/\/kasskoer.ee\/en\/wp-json\/wp\/v2\/product"}],"about":[{"href":"https:\/\/kasskoer.ee\/en\/wp-json\/wp\/v2\/types\/product"}],"wp:featuredmedia":[{"embeddable":true,"href":"https:\/\/kasskoer.ee\/en\/wp-json\/wp\/v2\/media\/12718"}],"wp:attachment":[{"href":"https:\/\/kasskoer.ee\/en\/wp-json\/wp\/v2\/media?parent=15746"}],"wp:term":[{"taxonomy":"product_cat","embeddable":true,"href":"https:\/\/kasskoer.ee\/en\/wp-json\/wp\/v2\/product_cat?post=15746"},{"taxonomy":"product_tag","embeddable":true,"href":"https:\/\/kasskoer.ee\/en\/wp-json\/wp\/v2\/product_tag?post=15746"}],"curies":[{"name":"wp","href":"https:\/\/api.w.org\/{rel}","templated":true}]}}