{"id":15748,"date":"2026-04-20T03:10:42","date_gmt":"2026-04-20T00:10:42","guid":{"rendered":"https:\/\/kasskoer.ee\/product\/record-karvade-eemaldamiseks-harjad-2tk-2\/"},"modified":"2026-04-20T03:10:43","modified_gmt":"2026-04-20T00:10:43","slug":"record-karvade-eemaldamiseks-harjad-2tk","status":"publish","type":"product","link":"https:\/\/kasskoer.ee\/en\/toode\/record-karvade-eemaldamiseks-harjad-2tk\/","title":{"rendered":"Record karvade eemaldamiseks harjad 2tk"},"content":{"rendered":"<p>V\u00f5ib kasutada diivanitel, autoistmetel, riietel, lemmikloomade vooditel, pl\u00fc\u00fcsm\u00e4nguasjadel, aga ka otse lemmiklooma peal, kuna ei j\u00e4ta liimij\u00e4\u00e4ke ega ohtlikke keemilisi materjale.<br \/> Pakend sisaldab kahte harja: Suurem 32&#215;7,5cm hari, mis on sobilik kasutamiseks kodustes tingimustes ning v\u00e4iksem 13x6cm hari, mida on kompaktne kaasa v\u00f5tta.<\/p>\n","protected":false},"excerpt":{"rendered":"<p>Record karvaeemaldus harjade komplekt.<\/p>\n","protected":false},"featured_media":12720,"template":"","meta":[],"product_cat":[688,365],"product_tag":[],"class_list":{"0":"post-15748","1":"product","2":"type-product","3":"status-publish","4":"has-post-thumbnail","6":"product_cat-koerad","7":"product_cat-koerte-tarvikud","8":"pa_brand-record","9":"pa_ean-1016","10":"pa_kaal-0-100","11":"pa_tootjariik-itaalia","13":"first","14":"instock","15":"taxable","16":"shipping-taxable","17":"purchasable","18":"product-type-simple"},"_links":{"self":[{"href":"https:\/\/kasskoer.ee\/en\/wp-json\/wp\/v2\/product\/15748","targetHints":{"allow":["GET"]}}],"collection":[{"href":"https:\/\/kasskoer.ee\/en\/wp-json\/wp\/v2\/product"}],"about":[{"href":"https:\/\/kasskoer.ee\/en\/wp-json\/wp\/v2\/types\/product"}],"wp:featuredmedia":[{"embeddable":true,"href":"https:\/\/kasskoer.ee\/en\/wp-json\/wp\/v2\/media\/12720"}],"wp:attachment":[{"href":"https:\/\/kasskoer.ee\/en\/wp-json\/wp\/v2\/media?parent=15748"}],"wp:term":[{"taxonomy":"product_cat","embeddable":true,"href":"https:\/\/kasskoer.ee\/en\/wp-json\/wp\/v2\/product_cat?post=15748"},{"taxonomy":"product_tag","embeddable":true,"href":"https:\/\/kasskoer.ee\/en\/wp-json\/wp\/v2\/product_tag?post=15748"}],"curies":[{"name":"wp","href":"https:\/\/api.w.org\/{rel}","templated":true}]}}