{"id":15750,"date":"2026-04-20T03:10:42","date_gmt":"2026-04-20T00:10:42","guid":{"rendered":"https:\/\/kasskoer.ee\/product\/record-klaasist-pudel-narilistele-175ml-2\/"},"modified":"2026-04-20T03:10:43","modified_gmt":"2026-04-20T00:10:43","slug":"record-klaasist-pudel-narilistele-175ml","status":"publish","type":"product","link":"https:\/\/kasskoer.ee\/en\/toode\/record-klaasist-pudel-narilistele-175ml\/","title":{"rendered":"Record klaasist pudel n\u00e4rilistele 175ml"},"content":{"rendered":"<p>Klaasist joogipudel n\u00e4rilistele ja j\u00e4nestele, lekkekindla s\u00fcsteemiga, puurikonksude ja v\u00e4ikese plastikust porgandiga veetaseme m\u00e4rkimiseks pudeli sees.<\/p>\n","protected":false},"excerpt":{"rendered":"<p>Puurile kinnitatav klaasist joogipudel n\u00e4rilistele ja j\u00e4nestele.<\/p>\n","protected":false},"featured_media":12722,"template":"","meta":[],"product_cat":[693,3078,924],"product_tag":[],"class_list":{"0":"post-15750","1":"product","2":"type-product","3":"status-publish","4":"has-post-thumbnail","6":"product_cat-muud-loomad","7":"product_cat-narilised","8":"product_cat-nariliste-tarvikud","9":"pa_brand-record","10":"pa_ean-1696","11":"pa_kaal-0-260","12":"pa_tootjariik-hiina","14":"first","15":"instock","16":"taxable","17":"shipping-taxable","18":"purchasable","19":"product-type-simple"},"_links":{"self":[{"href":"https:\/\/kasskoer.ee\/en\/wp-json\/wp\/v2\/product\/15750","targetHints":{"allow":["GET"]}}],"collection":[{"href":"https:\/\/kasskoer.ee\/en\/wp-json\/wp\/v2\/product"}],"about":[{"href":"https:\/\/kasskoer.ee\/en\/wp-json\/wp\/v2\/types\/product"}],"wp:featuredmedia":[{"embeddable":true,"href":"https:\/\/kasskoer.ee\/en\/wp-json\/wp\/v2\/media\/12722"}],"wp:attachment":[{"href":"https:\/\/kasskoer.ee\/en\/wp-json\/wp\/v2\/media?parent=15750"}],"wp:term":[{"taxonomy":"product_cat","embeddable":true,"href":"https:\/\/kasskoer.ee\/en\/wp-json\/wp\/v2\/product_cat?post=15750"},{"taxonomy":"product_tag","embeddable":true,"href":"https:\/\/kasskoer.ee\/en\/wp-json\/wp\/v2\/product_tag?post=15750"}],"curies":[{"name":"wp","href":"https:\/\/api.w.org\/{rel}","templated":true}]}}