{"id":15751,"date":"2026-04-20T03:10:42","date_gmt":"2026-04-20T00:10:42","guid":{"rendered":"https:\/\/kasskoer.ee\/product\/record-silmapuhastusvahend-koertele-100ml-2\/"},"modified":"2026-04-20T03:10:43","modified_gmt":"2026-04-20T00:10:43","slug":"record-silmapuhastusvahend-koertele-100ml","status":"publish","type":"product","link":"https:\/\/kasskoer.ee\/en\/toode\/record-silmapuhastusvahend-koertele-100ml\/","title":{"rendered":"Record silmapuhastusvahend koertele 100ml"},"content":{"rendered":"<p>Vahend v\u00e4hendab pisaravoolu ning punetavaid silmi. Sobib k\u00f5ikidele koerat\u00f5ugudele.<br \/>Vahend koosneb k\u00f5rge&nbsp;kontsentratsiooniga taimeekstraktidest ning destilleeritud veest.<\/p>\n<p><strong>Koostis<\/strong><\/p>\n<p>Vesi, boorhape, teekummeli \u00f5ie ekstrakt, tetranaatrium EDTA, mets-kassinaerise \u00f5ite ja lehtede ekstrakt, sidrunmelissi ekstrakt, n\u00f5iapuu lehtede ekstrakt, harilik p\u00e4rn, prop\u00fcleengl\u00fckool, hariliku p\u00e4rna \u00f5ie ekstrakt.<\/p>\n","protected":false},"excerpt":{"rendered":"<p>Record \u00f5rn silma \u00fcmbruse puhastamise vahend.<\/p>\n","protected":false},"featured_media":12724,"template":"","meta":[],"product_cat":[688,365],"product_tag":[],"class_list":{"0":"post-15751","1":"product","2":"type-product","3":"status-publish","4":"has-post-thumbnail","6":"product_cat-koerad","7":"product_cat-koerte-tarvikud","8":"pa_brand-record","9":"pa_ean-1010","10":"pa_kaal-0-100","11":"pa_tootjariik-itaalia","13":"first","14":"instock","15":"taxable","16":"shipping-taxable","17":"purchasable","18":"product-type-simple"},"_links":{"self":[{"href":"https:\/\/kasskoer.ee\/en\/wp-json\/wp\/v2\/product\/15751","targetHints":{"allow":["GET"]}}],"collection":[{"href":"https:\/\/kasskoer.ee\/en\/wp-json\/wp\/v2\/product"}],"about":[{"href":"https:\/\/kasskoer.ee\/en\/wp-json\/wp\/v2\/types\/product"}],"wp:featuredmedia":[{"embeddable":true,"href":"https:\/\/kasskoer.ee\/en\/wp-json\/wp\/v2\/media\/12724"}],"wp:attachment":[{"href":"https:\/\/kasskoer.ee\/en\/wp-json\/wp\/v2\/media?parent=15751"}],"wp:term":[{"taxonomy":"product_cat","embeddable":true,"href":"https:\/\/kasskoer.ee\/en\/wp-json\/wp\/v2\/product_cat?post=15751"},{"taxonomy":"product_tag","embeddable":true,"href":"https:\/\/kasskoer.ee\/en\/wp-json\/wp\/v2\/product_tag?post=15751"}],"curies":[{"name":"wp","href":"https:\/\/api.w.org\/{rel}","templated":true}]}}