{"id":15756,"date":"2026-04-20T03:10:42","date_gmt":"2026-04-20T00:10:42","guid":{"rendered":"https:\/\/kasskoer.ee\/product\/get-off-eemale-peletav-sprei-500ml-2\/"},"modified":"2026-04-20T03:10:43","modified_gmt":"2026-04-20T00:10:43","slug":"get-off-eemale-peletav-sprei-500ml","status":"publish","type":"product","link":"https:\/\/kasskoer.ee\/en\/toode\/get-off-eemale-peletav-sprei-500ml\/","title":{"rendered":"Get-Off eemale peletav sprei 500ml"},"content":{"rendered":"<li>\u00c4\u00e4rmiselt t\u00f5hus sprei, mis takistab koeri ja kasse soovimatutes kohtades alasid m\u00e4rgistamast.<\/li>\n<p>&#13;<\/p>\n<li>T\u00f5hus nii sise- kui v\u00e4litingimustes.<\/li>\n","protected":false},"excerpt":{"rendered":"<p>Get Off sprei on ohutu, kuid m\u00f5jus toimeaine lemmikute eemale hoidmiseks soovitud kohtadest.<\/p>\n","protected":false},"featured_media":12732,"template":"","meta":[],"product_cat":[1216],"product_tag":[],"class_list":{"0":"post-15756","1":"product","2":"type-product","3":"status-publish","4":"has-post-thumbnail","6":"product_cat-kasside-tarvikud","7":"pa_brand-record","8":"pa_ean-1650","9":"pa_kaal-0-500","10":"pa_tootjariik-hiina","12":"first","13":"instock","14":"taxable","15":"shipping-taxable","16":"purchasable","17":"product-type-simple"},"_links":{"self":[{"href":"https:\/\/kasskoer.ee\/en\/wp-json\/wp\/v2\/product\/15756","targetHints":{"allow":["GET"]}}],"collection":[{"href":"https:\/\/kasskoer.ee\/en\/wp-json\/wp\/v2\/product"}],"about":[{"href":"https:\/\/kasskoer.ee\/en\/wp-json\/wp\/v2\/types\/product"}],"wp:featuredmedia":[{"embeddable":true,"href":"https:\/\/kasskoer.ee\/en\/wp-json\/wp\/v2\/media\/12732"}],"wp:attachment":[{"href":"https:\/\/kasskoer.ee\/en\/wp-json\/wp\/v2\/media?parent=15756"}],"wp:term":[{"taxonomy":"product_cat","embeddable":true,"href":"https:\/\/kasskoer.ee\/en\/wp-json\/wp\/v2\/product_cat?post=15756"},{"taxonomy":"product_tag","embeddable":true,"href":"https:\/\/kasskoer.ee\/en\/wp-json\/wp\/v2\/product_tag?post=15756"}],"curies":[{"name":"wp","href":"https:\/\/api.w.org\/{rel}","templated":true}]}}