{"id":15783,"date":"2026-04-20T03:10:45","date_gmt":"2026-04-20T00:10:45","guid":{"rendered":"https:\/\/kasskoer.ee\/product\/flamingo-mineraalkivi-narilistele-50g-2\/"},"modified":"2026-04-20T03:10:45","modified_gmt":"2026-04-20T00:10:45","slug":"flamingo-mineraalkivi-narilistele-50g","status":"publish","type":"product","link":"https:\/\/kasskoer.ee\/en\/toode\/flamingo-mineraalkivi-narilistele-50g\/","title":{"rendered":"Flamingo mineraalkivi n\u00e4rilistele 50g"},"content":{"rendered":"<li>Aitab hoida hambad ja k\u00fc\u00fcned tervetena.<\/li>\n<p>&#13;<\/p>\n<li>Kergesti puuri k\u00fclge kinnitatav plastikust kinnitusega.<\/li>\n<p>&#13;<\/p>\n<li>100% naturaalne sool.<\/li>\n<p>&#13;<br \/>\n&#13;<br \/>\n<br \/><b>Koostis<\/b><br \/>&#13;<br \/>\nSool, magneesiumstearaat.&#13;<br \/>\n<br \/>&#13;<br \/>\n<br \/><b>Anal\u00fc\u00fctilised koostisosad<\/b><br \/>&#13;<br \/>\nToorvalk 0.03%, toortuhk 0.3%, niiskus 9.5%, toorkiud 1.5%.&#13;<br \/>\n<br \/>&#13;<br \/>\n<br \/><b>Kasutamine<\/b><br \/>&#13;<br \/>\nPakkuda vastavalt looma vajadusele koos v\u00e4rske veega.<\/p>\n","protected":false},"excerpt":{"rendered":"<p>Flamingo puuri k\u00fclge kinnitatav n\u00e4rilistele m\u00f5eldud mineraalkivi.<\/p>\n","protected":false},"featured_media":12782,"template":"","meta":[],"product_cat":[1314,693,3078],"product_tag":[],"class_list":{"0":"post-15783","1":"product","2":"type-product","3":"status-publish","4":"has-post-thumbnail","6":"product_cat-nariliste-toidulisandid","7":"product_cat-muud-loomad","8":"product_cat-narilised","9":"pa_brand-flamingo","10":"pa_ean-1941","11":"pa_kaal-0-050","12":"pa_tootjariik-hiina","14":"first","15":"outofstock","16":"taxable","17":"shipping-taxable","18":"purchasable","19":"product-type-simple"},"_links":{"self":[{"href":"https:\/\/kasskoer.ee\/en\/wp-json\/wp\/v2\/product\/15783","targetHints":{"allow":["GET"]}}],"collection":[{"href":"https:\/\/kasskoer.ee\/en\/wp-json\/wp\/v2\/product"}],"about":[{"href":"https:\/\/kasskoer.ee\/en\/wp-json\/wp\/v2\/types\/product"}],"wp:featuredmedia":[{"embeddable":true,"href":"https:\/\/kasskoer.ee\/en\/wp-json\/wp\/v2\/media\/12782"}],"wp:attachment":[{"href":"https:\/\/kasskoer.ee\/en\/wp-json\/wp\/v2\/media?parent=15783"}],"wp:term":[{"taxonomy":"product_cat","embeddable":true,"href":"https:\/\/kasskoer.ee\/en\/wp-json\/wp\/v2\/product_cat?post=15783"},{"taxonomy":"product_tag","embeddable":true,"href":"https:\/\/kasskoer.ee\/en\/wp-json\/wp\/v2\/product_tag?post=15783"}],"curies":[{"name":"wp","href":"https:\/\/api.w.org\/{rel}","templated":true}]}}