{"id":15784,"date":"2026-04-20T03:10:45","date_gmt":"2026-04-20T00:10:45","guid":{"rendered":"https:\/\/kasskoer.ee\/product\/flamingo-kahe-kausiga-sooginou-s-o-13cm-380ml-2\/"},"modified":"2026-04-20T03:10:45","modified_gmt":"2026-04-20T00:10:45","slug":"flamingo-kahe-kausiga-sooginou-s-o-13cm-380ml","status":"publish","type":"product","link":"https:\/\/kasskoer.ee\/en\/toode\/flamingo-kahe-kausiga-sooginou-s-o-13cm-380ml\/","title":{"rendered":"Flamingo kahe kausiga s\u00f6\u00f6gin\u00f5u S \u00f8 13cm &#8211; 380ml"},"content":{"rendered":"<p>Flamingo roostevabast terasest kahe kausiga s\u00f6\u00f6gin\u00f5u.&#13;<\/p>\n<li>Alusel on kummist libisemisvastased jalad.<\/li>\n<p>&#13;<\/p>\n<li>Kausid on n\u00f5udepesumasinas pestavad.<\/li>\n","protected":false},"excerpt":{"rendered":"<p>Flamingo must\/punane roostevabast terasest kahe kausiga s\u00f6\u00f6gin\u00f5u lemmikloomale.<\/p>\n","protected":false},"featured_media":12784,"template":"","meta":[],"product_cat":[1319],"product_tag":[],"class_list":{"0":"post-15784","1":"product","2":"type-product","3":"status-publish","4":"has-post-thumbnail","6":"product_cat-koerte-sooginoud","7":"pa_brand-flamingo","8":"pa_ean-1478","9":"pa_kaal-0-240","10":"pa_tootjariik-india","12":"first","13":"instock","14":"taxable","15":"shipping-taxable","16":"purchasable","17":"product-type-simple"},"_links":{"self":[{"href":"https:\/\/kasskoer.ee\/en\/wp-json\/wp\/v2\/product\/15784","targetHints":{"allow":["GET"]}}],"collection":[{"href":"https:\/\/kasskoer.ee\/en\/wp-json\/wp\/v2\/product"}],"about":[{"href":"https:\/\/kasskoer.ee\/en\/wp-json\/wp\/v2\/types\/product"}],"wp:featuredmedia":[{"embeddable":true,"href":"https:\/\/kasskoer.ee\/en\/wp-json\/wp\/v2\/media\/12784"}],"wp:attachment":[{"href":"https:\/\/kasskoer.ee\/en\/wp-json\/wp\/v2\/media?parent=15784"}],"wp:term":[{"taxonomy":"product_cat","embeddable":true,"href":"https:\/\/kasskoer.ee\/en\/wp-json\/wp\/v2\/product_cat?post=15784"},{"taxonomy":"product_tag","embeddable":true,"href":"https:\/\/kasskoer.ee\/en\/wp-json\/wp\/v2\/product_tag?post=15784"}],"curies":[{"name":"wp","href":"https:\/\/api.w.org\/{rel}","templated":true}]}}