{"id":15801,"date":"2026-04-20T03:10:45","date_gmt":"2026-04-20T00:10:45","guid":{"rendered":"https:\/\/kasskoer.ee\/product\/flamingo-porgandikujuline-manguasi-narilistele-13cm-2\/"},"modified":"2026-04-20T03:10:45","modified_gmt":"2026-04-20T00:10:45","slug":"flamingo-porgandikujuline-manguasi-narilistele-13cm","status":"publish","type":"product","link":"https:\/\/kasskoer.ee\/en\/toode\/flamingo-porgandikujuline-manguasi-narilistele-13cm\/","title":{"rendered":"Flamingo porgandikujuline m\u00e4nguasi n\u00e4rilistele 13cm"},"content":{"rendered":"<p>Flamingo porgandikujuline m\u00e4nguasi n\u00e4rilisele.&#13;<\/p>\n<li>Ideaalne n\u00e4rimiseks, aitab hoida hambad korras.<\/li>\n<p> &#13;<\/p>\n<li>Tehtud paberist ja maisi lehtedest.<\/li>\n<p> &#13;<\/p>\n<li>Pakub aktiivset ja l\u00f5busat tegevust.<\/li>\n","protected":false},"excerpt":{"rendered":"<p>Flamingo n\u00e4rilise m\u00e4nguasi porgand. M\u00e4ngi ja n\u00e4ri!<\/p>\n","protected":false},"featured_media":12798,"template":"","meta":[],"product_cat":[1320,693,3078],"product_tag":[],"class_list":{"0":"post-15801","1":"product","2":"type-product","3":"status-publish","4":"has-post-thumbnail","6":"product_cat-nariliste-manguasjad","7":"product_cat-muud-loomad","8":"product_cat-narilised","9":"pa_brand-flamingo","10":"pa_ean-1413","11":"pa_kaal-0-020","12":"pa_tootjariik-hiina","14":"first","15":"instock","16":"taxable","17":"shipping-taxable","18":"purchasable","19":"product-type-simple"},"_links":{"self":[{"href":"https:\/\/kasskoer.ee\/en\/wp-json\/wp\/v2\/product\/15801","targetHints":{"allow":["GET"]}}],"collection":[{"href":"https:\/\/kasskoer.ee\/en\/wp-json\/wp\/v2\/product"}],"about":[{"href":"https:\/\/kasskoer.ee\/en\/wp-json\/wp\/v2\/types\/product"}],"wp:featuredmedia":[{"embeddable":true,"href":"https:\/\/kasskoer.ee\/en\/wp-json\/wp\/v2\/media\/12798"}],"wp:attachment":[{"href":"https:\/\/kasskoer.ee\/en\/wp-json\/wp\/v2\/media?parent=15801"}],"wp:term":[{"taxonomy":"product_cat","embeddable":true,"href":"https:\/\/kasskoer.ee\/en\/wp-json\/wp\/v2\/product_cat?post=15801"},{"taxonomy":"product_tag","embeddable":true,"href":"https:\/\/kasskoer.ee\/en\/wp-json\/wp\/v2\/product_tag?post=15801"}],"curies":[{"name":"wp","href":"https:\/\/api.w.org\/{rel}","templated":true}]}}