{"id":15803,"date":"2026-04-20T03:10:45","date_gmt":"2026-04-20T00:10:45","guid":{"rendered":"https:\/\/kasskoer.ee\/product\/flamingo-koera-mantel-coco-30cm-2\/"},"modified":"2026-04-20T03:10:45","modified_gmt":"2026-04-20T00:10:45","slug":"flamingo-koera-mantel-coco-30cm","status":"publish","type":"product","link":"https:\/\/kasskoer.ee\/en\/toode\/flamingo-koera-mantel-coco-30cm\/","title":{"rendered":"Flamingo koera mantel Coco 30cm"},"content":{"rendered":"<p>Ilus ja stiilne Coco mantel, mis t\u00e4nu pehmele fliisile hoiab Teie karvase s\u00f5bra m\u00f5nusalt soojas.&#13;<\/p>\n<li>Takjaribaga kinnitus k\u00f5hu- ja kaelapiirkonnas.<\/li>\n<p>&#13;<\/p>\n<li>Mantel on pritsmekindel.<\/li>\n<p>&#13;<\/p>\n<li>Pestav 30\u00b0C juures.<\/li>\n<p>&#13;<\/p>\n<li>Mantel on valmistatud pol\u00fcestrist.<\/li>\n<p>&#13;<br \/>\n<br \/><b>M\u00f5\u00f5dud<\/b><br \/>&#13;<br \/>\nA:30cm B:30-34cm C:46-52cm<\/p>\n","protected":false},"excerpt":{"rendered":"<p>Flamingo Coco s\u00e4ravate kivikestega must mantel koerale.<\/p>\n","protected":false},"featured_media":12800,"template":"","meta":[],"product_cat":[2240],"product_tag":[],"class_list":{"0":"post-15803","1":"product","2":"type-product","3":"status-publish","4":"has-post-thumbnail","6":"product_cat-koerte-riided","7":"pa_brand-flamingo","8":"pa_ean-2239","9":"pa_kaal-0-100","10":"pa_tootjariik-hiina","12":"first","13":"instock","14":"taxable","15":"shipping-taxable","16":"purchasable","17":"product-type-simple"},"_links":{"self":[{"href":"https:\/\/kasskoer.ee\/en\/wp-json\/wp\/v2\/product\/15803","targetHints":{"allow":["GET"]}}],"collection":[{"href":"https:\/\/kasskoer.ee\/en\/wp-json\/wp\/v2\/product"}],"about":[{"href":"https:\/\/kasskoer.ee\/en\/wp-json\/wp\/v2\/types\/product"}],"wp:featuredmedia":[{"embeddable":true,"href":"https:\/\/kasskoer.ee\/en\/wp-json\/wp\/v2\/media\/12800"}],"wp:attachment":[{"href":"https:\/\/kasskoer.ee\/en\/wp-json\/wp\/v2\/media?parent=15803"}],"wp:term":[{"taxonomy":"product_cat","embeddable":true,"href":"https:\/\/kasskoer.ee\/en\/wp-json\/wp\/v2\/product_cat?post=15803"},{"taxonomy":"product_tag","embeddable":true,"href":"https:\/\/kasskoer.ee\/en\/wp-json\/wp\/v2\/product_tag?post=15803"}],"curies":[{"name":"wp","href":"https:\/\/api.w.org\/{rel}","templated":true}]}}