{"id":15812,"date":"2026-04-20T03:10:45","date_gmt":"2026-04-20T00:10:45","guid":{"rendered":"https:\/\/kasskoer.ee\/product\/flamingo-poorlevate-harjastega-kamm-2\/"},"modified":"2026-04-20T03:10:45","modified_gmt":"2026-04-20T00:10:45","slug":"flamingo-poorlevate-harjastega-kamm","status":"publish","type":"product","link":"https:\/\/kasskoer.ee\/en\/toode\/flamingo-poorlevate-harjastega-kamm\/","title":{"rendered":"Flamingo p\u00f6\u00f6rlevate harjastega kamm"},"content":{"rendered":"<p>Flamingo p\u00f6\u00f6rlevate harjastega kamm.&#13;<\/p>\n<li>Roostevabast terasest p\u00f6\u00f6rlevad harjased.<\/li>\n<p>&#13;<\/p>\n<li>Sobib h\u00e4sti pikakarvalistele koertele.<\/li>\n<p>&#13;<\/p>\n<li>Lihtne pusasi lahti harutada.<\/li>\n<p>&#13;<\/p>\n<li>Puhastage harja regulaarselt vee ja antiseptikuga.<\/li>\n","protected":false},"excerpt":{"rendered":"<p>Flamingo p\u00f6\u00f6rlevate harjastega kamm pikakarvalistele koertele.<\/p>\n","protected":false},"featured_media":12808,"template":"","meta":[],"product_cat":[688,365],"product_tag":[],"class_list":{"0":"post-15812","1":"product","2":"type-product","3":"status-publish","4":"has-post-thumbnail","6":"product_cat-koerad","7":"product_cat-koerte-tarvikud","8":"pa_brand-flamingo","9":"pa_ean-1458","10":"pa_kaal-0-100","11":"pa_tootjariik-hiina","13":"first","14":"instock","15":"taxable","16":"shipping-taxable","17":"purchasable","18":"product-type-simple"},"_links":{"self":[{"href":"https:\/\/kasskoer.ee\/en\/wp-json\/wp\/v2\/product\/15812","targetHints":{"allow":["GET"]}}],"collection":[{"href":"https:\/\/kasskoer.ee\/en\/wp-json\/wp\/v2\/product"}],"about":[{"href":"https:\/\/kasskoer.ee\/en\/wp-json\/wp\/v2\/types\/product"}],"wp:featuredmedia":[{"embeddable":true,"href":"https:\/\/kasskoer.ee\/en\/wp-json\/wp\/v2\/media\/12808"}],"wp:attachment":[{"href":"https:\/\/kasskoer.ee\/en\/wp-json\/wp\/v2\/media?parent=15812"}],"wp:term":[{"taxonomy":"product_cat","embeddable":true,"href":"https:\/\/kasskoer.ee\/en\/wp-json\/wp\/v2\/product_cat?post=15812"},{"taxonomy":"product_tag","embeddable":true,"href":"https:\/\/kasskoer.ee\/en\/wp-json\/wp\/v2\/product_tag?post=15812"}],"curies":[{"name":"wp","href":"https:\/\/api.w.org\/{rel}","templated":true}]}}