{"id":15814,"date":"2026-04-20T03:10:45","date_gmt":"2026-04-20T00:10:45","guid":{"rendered":"https:\/\/kasskoer.ee\/product\/flamingo-kassi-kauss-libisemisvastase-pohjaga-o-15cm-300ml-2\/"},"modified":"2026-04-20T03:10:45","modified_gmt":"2026-04-20T00:10:45","slug":"flamingo-kassi-kauss-libisemisvastase-pohjaga-o-15cm-300ml","status":"publish","type":"product","link":"https:\/\/kasskoer.ee\/en\/toode\/flamingo-kassi-kauss-libisemisvastase-pohjaga-o-15cm-300ml\/","title":{"rendered":"Flamingo kassi kauss libisemisvastase p\u00f5hjaga \u00f8 15cm &#8211; 300ml"},"content":{"rendered":"<li>Kausil on kummist libisemisvastane p\u00f5hi.<\/li>\n<p>&#13;<\/p>\n<li>Kauss on n\u00f5udepesumasinas pestav.<\/li>\n","protected":false},"excerpt":{"rendered":"<p>Flamingo metallist kassi kauss libisemisvastase p\u00f5hjaga.<\/p>\n","protected":false},"featured_media":12810,"template":"","meta":[],"product_cat":[1325],"product_tag":[],"class_list":{"0":"post-15814","1":"product","2":"type-product","3":"status-publish","4":"has-post-thumbnail","6":"product_cat-kasside-sooginoud","7":"pa_brand-flamingo","8":"pa_ean-1484","9":"pa_kaal-0-120","10":"pa_tootjariik-india","12":"first","13":"instock","14":"taxable","15":"shipping-taxable","16":"purchasable","17":"product-type-simple"},"_links":{"self":[{"href":"https:\/\/kasskoer.ee\/en\/wp-json\/wp\/v2\/product\/15814","targetHints":{"allow":["GET"]}}],"collection":[{"href":"https:\/\/kasskoer.ee\/en\/wp-json\/wp\/v2\/product"}],"about":[{"href":"https:\/\/kasskoer.ee\/en\/wp-json\/wp\/v2\/types\/product"}],"wp:featuredmedia":[{"embeddable":true,"href":"https:\/\/kasskoer.ee\/en\/wp-json\/wp\/v2\/media\/12810"}],"wp:attachment":[{"href":"https:\/\/kasskoer.ee\/en\/wp-json\/wp\/v2\/media?parent=15814"}],"wp:term":[{"taxonomy":"product_cat","embeddable":true,"href":"https:\/\/kasskoer.ee\/en\/wp-json\/wp\/v2\/product_cat?post=15814"},{"taxonomy":"product_tag","embeddable":true,"href":"https:\/\/kasskoer.ee\/en\/wp-json\/wp\/v2\/product_tag?post=15814"}],"curies":[{"name":"wp","href":"https:\/\/api.w.org\/{rel}","templated":true}]}}