{"id":15817,"date":"2026-04-20T03:10:45","date_gmt":"2026-04-20T00:10:45","guid":{"rendered":"https:\/\/kasskoer.ee\/product\/flamingo-ronimispuu-robert-30x30x45cm-2\/"},"modified":"2026-04-20T03:10:46","modified_gmt":"2026-04-20T00:10:46","slug":"flamingo-ronimispuu-robert-30x30x45cm","status":"publish","type":"product","link":"https:\/\/kasskoer.ee\/en\/toode\/flamingo-ronimispuu-robert-30x30x45cm\/","title":{"rendered":"Flamingo ronimispuu Robert 30x30x45cm"},"content":{"rendered":"<p>Suurep\u00e4rane toode, milles \u00fchendatud 3 toote omadused &#8211; ronimis- ja kraapimispuu ning pehmendusega ase.<br \/>&#13;<br \/>\nVeelgi rohkemaks l\u00f5buks on tootel k\u00fcljes rippuv m\u00e4nguasi.<br \/>&#13;<\/p>\n<li>Kraapimispuu on kassile heaks treeningvahendiks, aidates v\u00e4ltida \u00fclekaalu.<\/li>\n<p>&#13;<\/p>\n<li>Kraapimine kulutab kassi k\u00fc\u00fcsi. Niimoodi kulub vana k\u00fc\u00fcs ning annab v\u00f5imaluse uuel ja tugeval k\u00fc\u00fcnel kasvada.<\/li>\n<p>&#13;<\/p>\n<li>Kraapimispuu aitab teie \u00fclej\u00e4\u00e4nud elamist tervena hoida.<\/li>\n","protected":false},"excerpt":{"rendered":"<p>Flamingo kassi halli v\u00e4rvi ronimispuu platvormiga.<\/p>\n","protected":false},"featured_media":12814,"template":"","meta":[],"product_cat":[1322],"product_tag":[],"class_list":{"0":"post-15817","1":"product","2":"type-product","3":"status-publish","4":"has-post-thumbnail","6":"product_cat-kasside-ronimispuud-ja-kraapimislauad","7":"pa_brand-flamingo","8":"pa_ean-1358","9":"pa_kaal-4-000","10":"pa_tootjariik-hiina","12":"first","13":"instock","14":"taxable","15":"shipping-taxable","16":"purchasable","17":"product-type-simple"},"_links":{"self":[{"href":"https:\/\/kasskoer.ee\/en\/wp-json\/wp\/v2\/product\/15817","targetHints":{"allow":["GET"]}}],"collection":[{"href":"https:\/\/kasskoer.ee\/en\/wp-json\/wp\/v2\/product"}],"about":[{"href":"https:\/\/kasskoer.ee\/en\/wp-json\/wp\/v2\/types\/product"}],"wp:featuredmedia":[{"embeddable":true,"href":"https:\/\/kasskoer.ee\/en\/wp-json\/wp\/v2\/media\/12814"}],"wp:attachment":[{"href":"https:\/\/kasskoer.ee\/en\/wp-json\/wp\/v2\/media?parent=15817"}],"wp:term":[{"taxonomy":"product_cat","embeddable":true,"href":"https:\/\/kasskoer.ee\/en\/wp-json\/wp\/v2\/product_cat?post=15817"},{"taxonomy":"product_tag","embeddable":true,"href":"https:\/\/kasskoer.ee\/en\/wp-json\/wp\/v2\/product_tag?post=15817"}],"curies":[{"name":"wp","href":"https:\/\/api.w.org\/{rel}","templated":true}]}}