{"id":15821,"date":"2026-04-20T03:10:45","date_gmt":"2026-04-20T00:10:45","guid":{"rendered":"https:\/\/kasskoer.ee\/product\/flamingo-kraapimispuu-rex-hall-45x45x87cm-2\/"},"modified":"2026-04-20T03:10:46","modified_gmt":"2026-04-20T00:10:46","slug":"flamingo-kraapimispuu-rex-hall-45x45x87cm","status":"publish","type":"product","link":"https:\/\/kasskoer.ee\/en\/toode\/flamingo-kraapimispuu-rex-hall-45x45x87cm\/","title":{"rendered":"Flamingo kraapimispuu Rex hall 45x45x87cm"},"content":{"rendered":"<ul>\n<li>Kraapimispuu&nbsp;on kassile heaks treeningvahendiks, aidates v\u00e4ltida \u00fclekaalu.<\/li>\n<li>Kraapimine kulutab kassi k\u00fc\u00fcsi. Niimoodi kulub vana k\u00fc\u00fcs ning annab v\u00f5imaluse uuel ja tugeval k\u00fc\u00fcnel kasvada.<\/li>\n<li>Kraapimispuu aitab teie \u00fclej\u00e4\u00e4nud elamist tervena hoida.<\/li>\n<\/ul>\n","protected":false},"excerpt":{"rendered":"<p>Flamingo kassi halli v\u00e4rvi kraapimispuu alusel.<\/p>\n","protected":false},"featured_media":12818,"template":"","meta":[],"product_cat":[1322],"product_tag":[],"class_list":{"0":"post-15821","1":"product","2":"type-product","3":"status-publish","4":"has-post-thumbnail","6":"product_cat-kasside-ronimispuud-ja-kraapimislauad","7":"pa_brand-flamingo","8":"pa_ean-1005","9":"pa_kaal-4-000","10":"pa_tootjariik-hiina","12":"first","13":"instock","14":"taxable","15":"shipping-taxable","16":"purchasable","17":"product-type-simple"},"_links":{"self":[{"href":"https:\/\/kasskoer.ee\/en\/wp-json\/wp\/v2\/product\/15821","targetHints":{"allow":["GET"]}}],"collection":[{"href":"https:\/\/kasskoer.ee\/en\/wp-json\/wp\/v2\/product"}],"about":[{"href":"https:\/\/kasskoer.ee\/en\/wp-json\/wp\/v2\/types\/product"}],"wp:featuredmedia":[{"embeddable":true,"href":"https:\/\/kasskoer.ee\/en\/wp-json\/wp\/v2\/media\/12818"}],"wp:attachment":[{"href":"https:\/\/kasskoer.ee\/en\/wp-json\/wp\/v2\/media?parent=15821"}],"wp:term":[{"taxonomy":"product_cat","embeddable":true,"href":"https:\/\/kasskoer.ee\/en\/wp-json\/wp\/v2\/product_cat?post=15821"},{"taxonomy":"product_tag","embeddable":true,"href":"https:\/\/kasskoer.ee\/en\/wp-json\/wp\/v2\/product_tag?post=15821"}],"curies":[{"name":"wp","href":"https:\/\/api.w.org\/{rel}","templated":true}]}}