{"id":15828,"date":"2026-04-20T03:10:45","date_gmt":"2026-04-20T00:10:45","guid":{"rendered":"https:\/\/kasskoer.ee\/product\/flamingo-aeglase-soomise-nou-%e2%8c%80125cm-2\/"},"modified":"2026-04-20T03:10:46","modified_gmt":"2026-04-20T00:10:46","slug":"flamingo-aeglase-soomise-nou-%e2%8c%80125cm","status":"publish","type":"product","link":"https:\/\/kasskoer.ee\/en\/toode\/flamingo-aeglase-soomise-nou-%e2%8c%80125cm\/","title":{"rendered":"Flamingo aeglase s\u00f6\u00f6mise n\u00f5u \u230012,5cm"},"content":{"rendered":"<p>Flamingo aeglase s\u00f6\u00f6mise n\u00f5u 400ml.&#13;<\/p>\n<li>Kausi p\u00f5hjas on plastikust p\u00f6\u00f6rlev kont, mis takistab koera oma toitu liiga kiiresti s\u00f6\u00f6mast.<\/li>\n<p> &#13;<\/p>\n<li>Libisemisvastane alus.<\/li>\n","protected":false},"excerpt":{"rendered":"<p>Flamingo aeglase s\u00f6\u00f6mise n\u00f5u.<\/p>\n","protected":false},"featured_media":12826,"template":"","meta":[],"product_cat":[1319],"product_tag":[],"class_list":{"0":"post-15828","1":"product","2":"type-product","3":"status-publish","4":"has-post-thumbnail","6":"product_cat-koerte-sooginoud","7":"pa_brand-flamingo","8":"pa_ean-1942","9":"pa_kaal-0-260","10":"pa_tootjariik-hiina","12":"first","13":"instock","14":"taxable","15":"shipping-taxable","16":"purchasable","17":"product-type-simple"},"_links":{"self":[{"href":"https:\/\/kasskoer.ee\/en\/wp-json\/wp\/v2\/product\/15828","targetHints":{"allow":["GET"]}}],"collection":[{"href":"https:\/\/kasskoer.ee\/en\/wp-json\/wp\/v2\/product"}],"about":[{"href":"https:\/\/kasskoer.ee\/en\/wp-json\/wp\/v2\/types\/product"}],"wp:featuredmedia":[{"embeddable":true,"href":"https:\/\/kasskoer.ee\/en\/wp-json\/wp\/v2\/media\/12826"}],"wp:attachment":[{"href":"https:\/\/kasskoer.ee\/en\/wp-json\/wp\/v2\/media?parent=15828"}],"wp:term":[{"taxonomy":"product_cat","embeddable":true,"href":"https:\/\/kasskoer.ee\/en\/wp-json\/wp\/v2\/product_cat?post=15828"},{"taxonomy":"product_tag","embeddable":true,"href":"https:\/\/kasskoer.ee\/en\/wp-json\/wp\/v2\/product_tag?post=15828"}],"curies":[{"name":"wp","href":"https:\/\/api.w.org\/{rel}","templated":true}]}}