{"id":15829,"date":"2026-04-20T03:10:45","date_gmt":"2026-04-20T00:10:45","guid":{"rendered":"https:\/\/kasskoer.ee\/product\/flamingo-sooginou-divar-taupe-m-470ml-2\/"},"modified":"2026-04-20T03:10:46","modified_gmt":"2026-04-20T00:10:46","slug":"flamingo-sooginou-divar-taupe-m-470ml","status":"publish","type":"product","link":"https:\/\/kasskoer.ee\/en\/toode\/flamingo-sooginou-divar-taupe-m-470ml\/","title":{"rendered":"Flamingo s\u00f6\u00f6gin\u00f5u &#8220;Divar&#8221; taupe M 470ml"},"content":{"rendered":"<p><b>Flamingo &#8220;Divar&#8221; libisemisvastase p\u00f5hjaga kauss.<\/b>&#13;<\/p>\n<li>Kausil on kummist libisemisvastane p\u00f5hi.<\/li>\n<p>&#13;<\/p>\n<li>Kauss on n\u00f5udepesumasinas pestav.<\/li>\n<p>&#13;<br \/>\n<b>M\u00f5\u00f5tmed<\/b><br \/>&#13;<br \/>\n175x45cm<br \/>&#13;<br \/>\n<b>Materjal<\/b><br \/>&#13;<br \/>\nRoostevabast terasesest kauss plastikust hoidikus<\/p>\n","protected":false},"excerpt":{"rendered":"<p>Flamingo libisemisvastase p\u00f5hjaga s\u00f6\u00f6gin\u00f5u &#8220;Divar&#8221;.<\/p>\n","protected":false},"featured_media":12828,"template":"","meta":[],"product_cat":[1319],"product_tag":[],"class_list":{"0":"post-15829","1":"product","2":"type-product","3":"status-publish","4":"has-post-thumbnail","6":"product_cat-koerte-sooginoud","7":"pa_brand-flamingo","8":"pa_ean-1486","9":"pa_kaal-0-160","10":"pa_tootjariik-india","12":"first","13":"instock","14":"taxable","15":"shipping-taxable","16":"purchasable","17":"product-type-simple"},"_links":{"self":[{"href":"https:\/\/kasskoer.ee\/en\/wp-json\/wp\/v2\/product\/15829","targetHints":{"allow":["GET"]}}],"collection":[{"href":"https:\/\/kasskoer.ee\/en\/wp-json\/wp\/v2\/product"}],"about":[{"href":"https:\/\/kasskoer.ee\/en\/wp-json\/wp\/v2\/types\/product"}],"wp:featuredmedia":[{"embeddable":true,"href":"https:\/\/kasskoer.ee\/en\/wp-json\/wp\/v2\/media\/12828"}],"wp:attachment":[{"href":"https:\/\/kasskoer.ee\/en\/wp-json\/wp\/v2\/media?parent=15829"}],"wp:term":[{"taxonomy":"product_cat","embeddable":true,"href":"https:\/\/kasskoer.ee\/en\/wp-json\/wp\/v2\/product_cat?post=15829"},{"taxonomy":"product_tag","embeddable":true,"href":"https:\/\/kasskoer.ee\/en\/wp-json\/wp\/v2\/product_tag?post=15829"}],"curies":[{"name":"wp","href":"https:\/\/api.w.org\/{rel}","templated":true}]}}