{"id":15837,"date":"2026-04-20T03:10:45","date_gmt":"2026-04-20T00:10:45","guid":{"rendered":"https:\/\/kasskoer.ee\/product\/flamingo-lindude-puuri-manguasi-27cm-2\/"},"modified":"2026-04-20T03:10:46","modified_gmt":"2026-04-20T00:10:46","slug":"flamingo-lindude-puuri-manguasi-27cm","status":"publish","type":"product","link":"https:\/\/kasskoer.ee\/en\/toode\/flamingo-lindude-puuri-manguasi-27cm\/","title":{"rendered":"Flamingo lindude puuri m\u00e4nguasi 27cm"},"content":{"rendered":"<p>Flamingo riputatav lindude puuri m\u00e4nguasi.&#13;<\/p>\n<li>Pakub linnule aktiivset ja l\u00f5busat tegevust.<\/li>\n<p>&#13;<\/p>\n<li>M\u00e4nguasi koosneb erinevat v\u00e4rvi, kuju ja eri materjalist osadest ning pakub linnule l\u00f5busat vaheldust.<\/li>\n","protected":false},"excerpt":{"rendered":"<p>Flamingo riputatav lindude puuri m\u00e4nguasi erinevate leludega  27cm.<\/p>\n","protected":false},"featured_media":12840,"template":"","meta":[],"product_cat":[1415,3080,693],"product_tag":[],"class_list":{"0":"post-15837","1":"product","2":"type-product","3":"status-publish","4":"has-post-thumbnail","6":"product_cat-lindude-manguasjad","7":"product_cat-linnud","8":"product_cat-muud-loomad","9":"pa_brand-flamingo","10":"pa_ean-1416","11":"pa_kaal-0-100","12":"pa_tootjariik-hiina","14":"first","15":"outofstock","16":"taxable","17":"shipping-taxable","18":"purchasable","19":"product-type-simple"},"_links":{"self":[{"href":"https:\/\/kasskoer.ee\/en\/wp-json\/wp\/v2\/product\/15837","targetHints":{"allow":["GET"]}}],"collection":[{"href":"https:\/\/kasskoer.ee\/en\/wp-json\/wp\/v2\/product"}],"about":[{"href":"https:\/\/kasskoer.ee\/en\/wp-json\/wp\/v2\/types\/product"}],"wp:featuredmedia":[{"embeddable":true,"href":"https:\/\/kasskoer.ee\/en\/wp-json\/wp\/v2\/media\/12840"}],"wp:attachment":[{"href":"https:\/\/kasskoer.ee\/en\/wp-json\/wp\/v2\/media?parent=15837"}],"wp:term":[{"taxonomy":"product_cat","embeddable":true,"href":"https:\/\/kasskoer.ee\/en\/wp-json\/wp\/v2\/product_cat?post=15837"},{"taxonomy":"product_tag","embeddable":true,"href":"https:\/\/kasskoer.ee\/en\/wp-json\/wp\/v2\/product_tag?post=15837"}],"curies":[{"name":"wp","href":"https:\/\/api.w.org\/{rel}","templated":true}]}}