{"id":15838,"date":"2026-04-20T03:10:45","date_gmt":"2026-04-20T00:10:45","guid":{"rendered":"https:\/\/kasskoer.ee\/product\/flamingo-cherry-snack-maius-narilistele-50g-2\/"},"modified":"2026-04-20T03:10:47","modified_gmt":"2026-04-20T00:10:47","slug":"flamingo-cherry-snack-maius-narilistele-50g","status":"publish","type":"product","link":"https:\/\/kasskoer.ee\/en\/toode\/flamingo-cherry-snack-maius-narilistele-50g\/","title":{"rendered":"Flamingo Cherry Snack maius n\u00e4rilistele 50g"},"content":{"rendered":"<p>T\u00e4iends\u00f6\u00f6t n\u00e4rilistele.<\/p>\n<p><strong>Koostis<\/strong><br \/>Teravili, \u00f5lid ja rasvad, suhkur, kuivatatud vadak, punase peedi mahl, toorletsitiin.<\/p>\n<p><strong>Anal\u00fc\u00fctilised koostisosad<\/strong><\/p>\n<p>Toorrasv 15%, niiskus 7%, toorvalk 5,3%, toortuhk 2,5%, toorkiud 0,7%.<\/p>\n<p><strong>Soovituslik p\u00e4evane kogus<\/strong><br \/>5-10 tk olenevalt n\u00e4rilise suurusest.<\/p>\n<p>Valmistatud EU-s.<\/p>\n","protected":false},"excerpt":{"rendered":"<p>Flamingo kirsi maius n\u00e4rilistele.<\/p>\n","protected":false},"featured_media":12842,"template":"","meta":[],"product_cat":[693,3078,994],"product_tag":[],"class_list":{"0":"post-15838","1":"product","2":"type-product","3":"status-publish","4":"has-post-thumbnail","6":"product_cat-muud-loomad","7":"product_cat-narilised","8":"product_cat-nariliste-maiused","9":"pa_brand-flamingo","10":"pa_ean-993","11":"pa_kaal-0-050","12":"pa_tootjariik-hiina","14":"first","15":"outofstock","16":"taxable","17":"shipping-taxable","18":"purchasable","19":"product-type-simple"},"_links":{"self":[{"href":"https:\/\/kasskoer.ee\/en\/wp-json\/wp\/v2\/product\/15838","targetHints":{"allow":["GET"]}}],"collection":[{"href":"https:\/\/kasskoer.ee\/en\/wp-json\/wp\/v2\/product"}],"about":[{"href":"https:\/\/kasskoer.ee\/en\/wp-json\/wp\/v2\/types\/product"}],"wp:featuredmedia":[{"embeddable":true,"href":"https:\/\/kasskoer.ee\/en\/wp-json\/wp\/v2\/media\/12842"}],"wp:attachment":[{"href":"https:\/\/kasskoer.ee\/en\/wp-json\/wp\/v2\/media?parent=15838"}],"wp:term":[{"taxonomy":"product_cat","embeddable":true,"href":"https:\/\/kasskoer.ee\/en\/wp-json\/wp\/v2\/product_cat?post=15838"},{"taxonomy":"product_tag","embeddable":true,"href":"https:\/\/kasskoer.ee\/en\/wp-json\/wp\/v2\/product_tag?post=15838"}],"curies":[{"name":"wp","href":"https:\/\/api.w.org\/{rel}","templated":true}]}}