{"id":15840,"date":"2026-04-20T03:10:45","date_gmt":"2026-04-20T00:10:45","guid":{"rendered":"https:\/\/kasskoer.ee\/product\/flamingo-sooginou-lemmikule-laim-xs-225ml-o-123cm-2\/"},"modified":"2026-04-20T03:10:47","modified_gmt":"2026-04-20T00:10:47","slug":"flamingo-sooginou-lemmikule-laim-xs-225ml-o-123cm","status":"publish","type":"product","link":"https:\/\/kasskoer.ee\/en\/toode\/flamingo-sooginou-lemmikule-laim-xs-225ml-o-123cm\/","title":{"rendered":"Flamingo s\u00f6\u00f6gin\u00f5u lemmikule laim XS 225ml \u00f8 12,3cm"},"content":{"rendered":"<p><b>Roostevabast terasest imearmas toidu- ja veekauss lemmikloomale.<\/b>&#13;<\/p>\n<li>Libisemisvastane p\u00f5hi.<\/li>\n<p>&#13;<\/p>\n<li>Kauss on n\u00f5udepesumasinas pestav.<\/li>\n<p>&#13;<br \/>\n<br \/><b>M\u00f5\u00f5dud<\/b><br \/>&#13;<br \/>\n12,3cm x 3,8cm<\/p>\n","protected":false},"excerpt":{"rendered":"<p>Flamingo laimi tooni s\u00f6\u00f6gin\u00f5u lemmikule.<\/p>\n","protected":false},"featured_media":12844,"template":"","meta":[],"product_cat":[1319],"product_tag":[],"class_list":{"0":"post-15840","1":"product","2":"type-product","3":"status-publish","4":"has-post-thumbnail","6":"product_cat-koerte-sooginoud","7":"pa_brand-flamingo","8":"pa_ean-2461","9":"pa_kaal-0-070","10":"pa_tootjariik-india","12":"first","13":"outofstock","14":"taxable","15":"shipping-taxable","16":"purchasable","17":"product-type-simple"},"_links":{"self":[{"href":"https:\/\/kasskoer.ee\/en\/wp-json\/wp\/v2\/product\/15840","targetHints":{"allow":["GET"]}}],"collection":[{"href":"https:\/\/kasskoer.ee\/en\/wp-json\/wp\/v2\/product"}],"about":[{"href":"https:\/\/kasskoer.ee\/en\/wp-json\/wp\/v2\/types\/product"}],"wp:featuredmedia":[{"embeddable":true,"href":"https:\/\/kasskoer.ee\/en\/wp-json\/wp\/v2\/media\/12844"}],"wp:attachment":[{"href":"https:\/\/kasskoer.ee\/en\/wp-json\/wp\/v2\/media?parent=15840"}],"wp:term":[{"taxonomy":"product_cat","embeddable":true,"href":"https:\/\/kasskoer.ee\/en\/wp-json\/wp\/v2\/product_cat?post=15840"},{"taxonomy":"product_tag","embeddable":true,"href":"https:\/\/kasskoer.ee\/en\/wp-json\/wp\/v2\/product_tag?post=15840"}],"curies":[{"name":"wp","href":"https:\/\/api.w.org\/{rel}","templated":true}]}}