{"id":15852,"date":"2026-04-20T03:10:45","date_gmt":"2026-04-20T00:10:45","guid":{"rendered":"https:\/\/kasskoer.ee\/product\/flamingo-lateksist-koera-manguasi-siga-17cm-2\/"},"modified":"2026-04-20T03:10:47","modified_gmt":"2026-04-20T00:10:47","slug":"flamingo-lateksist-koera-manguasi-siga-17cm","status":"publish","type":"product","link":"https:\/\/kasskoer.ee\/en\/toode\/flamingo-lateksist-koera-manguasi-siga-17cm\/","title":{"rendered":"Flamingo lateksist koera m\u00e4nguasi siga 17cm"},"content":{"rendered":"<li>Valmistatud mittetoksilistest materjalidest.<\/li>\n<p>&#13;<\/p>\n<li>M\u00e4nguasi teeb sellele vajutades r\u00f6hitsevat h\u00e4\u00e4litsust.<\/li>\n","protected":false},"excerpt":{"rendered":"<p>Flamingo lateksist p\u00f5rsas &#8211; lelu koerale.<\/p>\n","protected":false},"featured_media":12858,"template":"","meta":[],"product_cat":[1326,688],"product_tag":[],"class_list":{"0":"post-15852","1":"product","2":"type-product","3":"status-publish","4":"has-post-thumbnail","6":"product_cat-koerte-manguasjad","7":"product_cat-koerad","8":"pa_brand-flamingo","9":"pa_ean-2073","10":"pa_kaal-0-140","11":"pa_tootjariik-hiina","13":"first","14":"outofstock","15":"taxable","16":"shipping-taxable","17":"purchasable","18":"product-type-simple"},"_links":{"self":[{"href":"https:\/\/kasskoer.ee\/en\/wp-json\/wp\/v2\/product\/15852","targetHints":{"allow":["GET"]}}],"collection":[{"href":"https:\/\/kasskoer.ee\/en\/wp-json\/wp\/v2\/product"}],"about":[{"href":"https:\/\/kasskoer.ee\/en\/wp-json\/wp\/v2\/types\/product"}],"wp:featuredmedia":[{"embeddable":true,"href":"https:\/\/kasskoer.ee\/en\/wp-json\/wp\/v2\/media\/12858"}],"wp:attachment":[{"href":"https:\/\/kasskoer.ee\/en\/wp-json\/wp\/v2\/media?parent=15852"}],"wp:term":[{"taxonomy":"product_cat","embeddable":true,"href":"https:\/\/kasskoer.ee\/en\/wp-json\/wp\/v2\/product_cat?post=15852"},{"taxonomy":"product_tag","embeddable":true,"href":"https:\/\/kasskoer.ee\/en\/wp-json\/wp\/v2\/product_tag?post=15852"}],"curies":[{"name":"wp","href":"https:\/\/api.w.org\/{rel}","templated":true}]}}