{"id":15853,"date":"2026-04-20T03:10:45","date_gmt":"2026-04-20T00:10:45","guid":{"rendered":"https:\/\/kasskoer.ee\/product\/flamingo-nariliste-heinast-pall-kellukesega-o-6cm-2\/"},"modified":"2026-04-20T03:10:47","modified_gmt":"2026-04-20T00:10:47","slug":"flamingo-nariliste-heinast-pall-kellukesega-o-6cm","status":"publish","type":"product","link":"https:\/\/kasskoer.ee\/en\/toode\/flamingo-nariliste-heinast-pall-kellukesega-o-6cm\/","title":{"rendered":"Flamingo n\u00e4riliste heinast pall kellukesega \u00f8 6cm"},"content":{"rendered":"<p>Flamingo kellukesega heinast pall n\u00e4rilistele.&#13;<\/p>\n<li>Valmistatud naturaalsetest materjalidest.<\/li>\n<p> &#13;<\/p>\n<li>Heinapalli sees on kelluke, mis palli liigutades heliseb.<\/li>\n<p> &#13;<br \/>\n<br \/>&#13;<br \/>\n<b>M\u00f5\u00f5dud:<\/b> \u00f8 6cm<\/p>\n","protected":false},"excerpt":{"rendered":"<p>Flamingo heinapall kellukesega n\u00e4rilistele.<\/p>\n","protected":false},"featured_media":12860,"template":"","meta":[],"product_cat":[1320,693,3078],"product_tag":[],"class_list":{"0":"post-15853","1":"product","2":"type-product","3":"status-publish","4":"has-post-thumbnail","6":"product_cat-nariliste-manguasjad","7":"product_cat-muud-loomad","8":"product_cat-narilised","9":"pa_brand-flamingo","10":"pa_ean-1460","11":"pa_kaal-0-020","12":"pa_tootjariik-hiina","14":"first","15":"instock","16":"taxable","17":"shipping-taxable","18":"purchasable","19":"product-type-simple"},"_links":{"self":[{"href":"https:\/\/kasskoer.ee\/en\/wp-json\/wp\/v2\/product\/15853","targetHints":{"allow":["GET"]}}],"collection":[{"href":"https:\/\/kasskoer.ee\/en\/wp-json\/wp\/v2\/product"}],"about":[{"href":"https:\/\/kasskoer.ee\/en\/wp-json\/wp\/v2\/types\/product"}],"wp:featuredmedia":[{"embeddable":true,"href":"https:\/\/kasskoer.ee\/en\/wp-json\/wp\/v2\/media\/12860"}],"wp:attachment":[{"href":"https:\/\/kasskoer.ee\/en\/wp-json\/wp\/v2\/media?parent=15853"}],"wp:term":[{"taxonomy":"product_cat","embeddable":true,"href":"https:\/\/kasskoer.ee\/en\/wp-json\/wp\/v2\/product_cat?post=15853"},{"taxonomy":"product_tag","embeddable":true,"href":"https:\/\/kasskoer.ee\/en\/wp-json\/wp\/v2\/product_tag?post=15853"}],"curies":[{"name":"wp","href":"https:\/\/api.w.org\/{rel}","templated":true}]}}