{"id":15854,"date":"2026-04-20T03:10:45","date_gmt":"2026-04-20T00:10:45","guid":{"rendered":"https:\/\/kasskoer.ee\/product\/flamingo-nariliste-sooginou-m-580ml-2\/"},"modified":"2026-04-20T03:10:47","modified_gmt":"2026-04-20T00:10:47","slug":"flamingo-nariliste-sooginou-m-580ml","status":"publish","type":"product","link":"https:\/\/kasskoer.ee\/en\/toode\/flamingo-nariliste-sooginou-m-580ml\/","title":{"rendered":"Flamingo n\u00e4riliste s\u00f6\u00f6gin\u00f5u M 580ml"},"content":{"rendered":"<p>Flamingo n\u00e4riliste s\u00f6\u00f6gin\u00f5u 580ml.&#13;<\/p>\n<li>Roostevabast terasest s\u00f6\u00f6gi ja joogin\u00f5u on sobilik lindudele ja n\u00e4rilistele.<\/li>\n<p>&#13;<\/p>\n<li>N\u00f5udepesumasinas pestav.<\/li>\n<p>&#13;<\/p>\n<li>Kausi \u00fcmber on kausi hoidja, mille saab puuri k\u00fclge kinnitada.<\/li>\n","protected":false},"excerpt":{"rendered":"<p>Flamingo roostevabast terasest s\u00f6\u00f6gin\u00f5u n\u00e4rilistele.<\/p>\n","protected":false},"featured_media":12862,"template":"","meta":[],"product_cat":[1323,693,3078],"product_tag":[],"class_list":{"0":"post-15854","1":"product","2":"type-product","3":"status-publish","4":"has-post-thumbnail","6":"product_cat-nariliste-sooginoud","7":"product_cat-muud-loomad","8":"product_cat-narilised","9":"pa_brand-flamingo","10":"pa_ean-1461","11":"pa_kaal-0-160","12":"pa_tootjariik-india","14":"first","15":"instock","16":"taxable","17":"shipping-taxable","18":"purchasable","19":"product-type-simple"},"_links":{"self":[{"href":"https:\/\/kasskoer.ee\/en\/wp-json\/wp\/v2\/product\/15854","targetHints":{"allow":["GET"]}}],"collection":[{"href":"https:\/\/kasskoer.ee\/en\/wp-json\/wp\/v2\/product"}],"about":[{"href":"https:\/\/kasskoer.ee\/en\/wp-json\/wp\/v2\/types\/product"}],"wp:featuredmedia":[{"embeddable":true,"href":"https:\/\/kasskoer.ee\/en\/wp-json\/wp\/v2\/media\/12862"}],"wp:attachment":[{"href":"https:\/\/kasskoer.ee\/en\/wp-json\/wp\/v2\/media?parent=15854"}],"wp:term":[{"taxonomy":"product_cat","embeddable":true,"href":"https:\/\/kasskoer.ee\/en\/wp-json\/wp\/v2\/product_cat?post=15854"},{"taxonomy":"product_tag","embeddable":true,"href":"https:\/\/kasskoer.ee\/en\/wp-json\/wp\/v2\/product_tag?post=15854"}],"curies":[{"name":"wp","href":"https:\/\/api.w.org\/{rel}","templated":true}]}}