{"id":15862,"date":"2026-04-20T03:10:45","date_gmt":"2026-04-20T00:10:45","guid":{"rendered":"https:\/\/kasskoer.ee\/product\/flamingo-vaikeste-nariliste-mangutunnel-2\/"},"modified":"2026-04-20T03:10:47","modified_gmt":"2026-04-20T00:10:47","slug":"flamingo-vaikeste-nariliste-mangutunnel","status":"publish","type":"product","link":"https:\/\/kasskoer.ee\/en\/toode\/flamingo-vaikeste-nariliste-mangutunnel\/","title":{"rendered":"Flamingo v\u00e4ikeste n\u00e4riliste m\u00e4ngutunnel"},"content":{"rendered":"<p>Flamingo metallist klambritega riputatav v\u00e4rviline tunnel n\u00e4rilistele.&#13;<\/p>\n<li>Valmistatud mittetoksilistest materjalidest.<\/li>\n<p> &#13;<\/p>\n<li>Tunnelil on riputamiseks 5 metallist kinnitusklambrit.<\/li>\n<p> &#13;<\/p>\n<li>Pakub n\u00e4rilistele palju r\u00f5\u00f5mu ja aktiivset tegevust.<\/li>\n<p>&#13;<br \/>\n<br \/>&#13;<br \/>\n<b>M\u00f5\u00f5dud<\/b><br \/>&#13;<br \/>\n45&#215;16,5&#215;6,5cm<\/p>\n","protected":false},"excerpt":{"rendered":"<p>Flamingo m\u00e4ngutunnel v\u00e4ikestele n\u00e4rilistele.<\/p>\n","protected":false},"featured_media":12868,"template":"","meta":[],"product_cat":[693,3078,924],"product_tag":[],"class_list":{"0":"post-15862","1":"product","2":"type-product","3":"status-publish","4":"has-post-thumbnail","6":"product_cat-muud-loomad","7":"product_cat-narilised","8":"product_cat-nariliste-tarvikud","9":"pa_brand-flamingo","10":"pa_ean-1463","11":"pa_kaal-0-100","12":"pa_tootjariik-hiina","14":"first","15":"instock","16":"taxable","17":"shipping-taxable","18":"purchasable","19":"product-type-simple"},"_links":{"self":[{"href":"https:\/\/kasskoer.ee\/en\/wp-json\/wp\/v2\/product\/15862","targetHints":{"allow":["GET"]}}],"collection":[{"href":"https:\/\/kasskoer.ee\/en\/wp-json\/wp\/v2\/product"}],"about":[{"href":"https:\/\/kasskoer.ee\/en\/wp-json\/wp\/v2\/types\/product"}],"wp:featuredmedia":[{"embeddable":true,"href":"https:\/\/kasskoer.ee\/en\/wp-json\/wp\/v2\/media\/12868"}],"wp:attachment":[{"href":"https:\/\/kasskoer.ee\/en\/wp-json\/wp\/v2\/media?parent=15862"}],"wp:term":[{"taxonomy":"product_cat","embeddable":true,"href":"https:\/\/kasskoer.ee\/en\/wp-json\/wp\/v2\/product_cat?post=15862"},{"taxonomy":"product_tag","embeddable":true,"href":"https:\/\/kasskoer.ee\/en\/wp-json\/wp\/v2\/product_tag?post=15862"}],"curies":[{"name":"wp","href":"https:\/\/api.w.org\/{rel}","templated":true}]}}