{"id":15872,"date":"2026-04-20T03:10:45","date_gmt":"2026-04-20T00:10:45","guid":{"rendered":"https:\/\/kasskoer.ee\/product\/flamingo-narimistunnel-puuviljadega-125g-2\/"},"modified":"2026-04-20T03:10:48","modified_gmt":"2026-04-20T00:10:48","slug":"flamingo-narimistunnel-puuviljadega-125g","status":"publish","type":"product","link":"https:\/\/kasskoer.ee\/en\/toode\/flamingo-narimistunnel-puuviljadega-125g\/","title":{"rendered":"Flamingo n\u00e4rimistunnel puuviljadega 125g"},"content":{"rendered":"<p>Puuviljat\u00e4idisega s\u00f6\u00f6dav heinatunnel, suurep\u00e4rane maius teie v\u00e4ikesele lemmikloomale, ei sisalda kunstlikke v\u00e4rvaineid.<br \/>&#13;<br \/>\n<br \/>&#13;<br \/>\n<b>Koostis<\/b><br \/>&#13;<br \/>\nMaisijahu, maltodekstriin, hein, banaan, jaanileib, maisihelbed, ananass, aprikoos.<br \/>&#13;<br \/>\n<br \/>&#13;<br \/>\n<b>Anal\u00fc\u00fctilised koostisosad<\/b><br \/>&#13;<br \/>\nToorproteiin 8.6%, toorrasv 2.2%, toortuhk 3.4%, toorkiud 8.5%.<br \/>&#13;<br \/>\n<br \/>&#13;<br \/>\n<b>S\u00f6\u00f6dalisandid<\/b><br \/>&#13;<br \/>\nTselluloos 12%.<br \/>&#13;<br \/>\n<br \/>&#13;<br \/>\n<b>Kasutamine<\/b><br \/>&#13;<br \/>\nAnda vastavalt looma vajadusele koos v\u00e4rske veega.<\/p>\n","protected":false},"excerpt":{"rendered":"<p>Flamingo puuviljat\u00e4idisega s\u00f6\u00f6dav n\u00e4rimistunnel.<\/p>\n","protected":false},"featured_media":12876,"template":"","meta":[],"product_cat":[693,3078,994],"product_tag":[],"class_list":{"0":"post-15872","1":"product","2":"type-product","3":"status-publish","4":"has-post-thumbnail","6":"product_cat-muud-loomad","7":"product_cat-narilised","8":"product_cat-nariliste-maiused","9":"pa_brand-flamingo","10":"pa_ean-1944","11":"pa_kaal-0-125","12":"pa_tootjariik-euroopa-liit","14":"first","15":"outofstock","16":"taxable","17":"shipping-taxable","18":"purchasable","19":"product-type-simple"},"_links":{"self":[{"href":"https:\/\/kasskoer.ee\/en\/wp-json\/wp\/v2\/product\/15872","targetHints":{"allow":["GET"]}}],"collection":[{"href":"https:\/\/kasskoer.ee\/en\/wp-json\/wp\/v2\/product"}],"about":[{"href":"https:\/\/kasskoer.ee\/en\/wp-json\/wp\/v2\/types\/product"}],"wp:featuredmedia":[{"embeddable":true,"href":"https:\/\/kasskoer.ee\/en\/wp-json\/wp\/v2\/media\/12876"}],"wp:attachment":[{"href":"https:\/\/kasskoer.ee\/en\/wp-json\/wp\/v2\/media?parent=15872"}],"wp:term":[{"taxonomy":"product_cat","embeddable":true,"href":"https:\/\/kasskoer.ee\/en\/wp-json\/wp\/v2\/product_cat?post=15872"},{"taxonomy":"product_tag","embeddable":true,"href":"https:\/\/kasskoer.ee\/en\/wp-json\/wp\/v2\/product_tag?post=15872"}],"curies":[{"name":"wp","href":"https:\/\/api.w.org\/{rel}","templated":true}]}}