{"id":15882,"date":"2026-04-20T03:10:48","date_gmt":"2026-04-20T00:10:48","guid":{"rendered":"https:\/\/kasskoer.ee\/product\/flamingo-kauss-aeglaseks-sootmiseks-valge-l-700ml-2\/"},"modified":"2026-04-20T03:10:48","modified_gmt":"2026-04-20T00:10:48","slug":"flamingo-kauss-aeglaseks-sootmiseks-valge-l-700ml","status":"publish","type":"product","link":"https:\/\/kasskoer.ee\/en\/toode\/flamingo-kauss-aeglaseks-sootmiseks-valge-l-700ml\/","title":{"rendered":"Flamingo kauss aeglaseks s\u00f6\u00f6tmiseks valge L 700ml"},"content":{"rendered":"<p>Ennetage liiga kiirest s\u00f6\u00f6misest p\u00f5hjustatud seedeprobleeme selle spetsiaalse s\u00f6\u00f6gin\u00f5uga.&#13;<\/p>\n<li>Libisemisvastase p\u00f5hjaga.<\/li>\n<p>&#13;<\/p>\n<li>Kauss on valmistatud melamiinist.<\/li>\n<p>&#13;<\/p>\n<li>Kaussi ei ole soovitatav pesta n\u00f5udepesumasinas.<\/li>\n<p>&#13;<br \/>\n<br \/>&#13;<br \/>\n<b>M\u00f5\u00f5dud<\/b><br \/>&#13;<br \/>\n700ml &#8211; \u00f8 16cm<\/p>\n","protected":false},"excerpt":{"rendered":"<p>Flamingo valge kauss aeglaseks s\u00f6\u00f6tmiseks.<\/p>\n","protected":false},"featured_media":12888,"template":"","meta":[],"product_cat":[1319],"product_tag":[],"class_list":{"0":"post-15882","1":"product","2":"type-product","3":"status-publish","4":"has-post-thumbnail","6":"product_cat-koerte-sooginoud","7":"pa_brand-flamingo","8":"pa_ean-2283","9":"pa_kaal-0-600","10":"pa_tootjariik-hiina","12":"first","13":"instock","14":"taxable","15":"shipping-taxable","16":"purchasable","17":"product-type-simple"},"_links":{"self":[{"href":"https:\/\/kasskoer.ee\/en\/wp-json\/wp\/v2\/product\/15882","targetHints":{"allow":["GET"]}}],"collection":[{"href":"https:\/\/kasskoer.ee\/en\/wp-json\/wp\/v2\/product"}],"about":[{"href":"https:\/\/kasskoer.ee\/en\/wp-json\/wp\/v2\/types\/product"}],"wp:featuredmedia":[{"embeddable":true,"href":"https:\/\/kasskoer.ee\/en\/wp-json\/wp\/v2\/media\/12888"}],"wp:attachment":[{"href":"https:\/\/kasskoer.ee\/en\/wp-json\/wp\/v2\/media?parent=15882"}],"wp:term":[{"taxonomy":"product_cat","embeddable":true,"href":"https:\/\/kasskoer.ee\/en\/wp-json\/wp\/v2\/product_cat?post=15882"},{"taxonomy":"product_tag","embeddable":true,"href":"https:\/\/kasskoer.ee\/en\/wp-json\/wp\/v2\/product_tag?post=15882"}],"curies":[{"name":"wp","href":"https:\/\/api.w.org\/{rel}","templated":true}]}}