{"id":15884,"date":"2026-04-20T03:10:48","date_gmt":"2026-04-20T00:10:48","guid":{"rendered":"https:\/\/kasskoer.ee\/product\/flamingo-aktiivsoega-filter-kassi-liivakastile-3tk-2\/"},"modified":"2026-04-20T03:10:48","modified_gmt":"2026-04-20T00:10:48","slug":"flamingo-aktiivsoega-filter-kassi-liivakastile-3tk","status":"publish","type":"product","link":"https:\/\/kasskoer.ee\/en\/toode\/flamingo-aktiivsoega-filter-kassi-liivakastile-3tk\/","title":{"rendered":"Flamingo aktiivs\u00f6ega filter kassi liivakastile 3tk"},"content":{"rendered":"<p>Flamingo aktiivs\u00f6ega filtrid kassitualetile.&#13;<\/p>\n<li>Sobib k\u00f5ikidele filtritega liivakastidele. <\/li>\n<p>&#13;<\/p>\n<li>Neelab suurep\u00e4raselt ebameeldivad l\u00f5hnad.<\/li>\n<p>&#13;<\/p>\n<li>Filtrit on lihtne k\u00e4\u00e4ridega l\u00f5igata liivakastile sobiva suuruse saavutamiseks.<\/li>\n<p>&#13;<br \/>\n<br \/>&#13;<br \/>\n<b>M\u00f5\u00f5dud<\/b><br \/>&#13;<br \/>\n15.4&#215;19.6&#215;0.3<\/p>\n","protected":false},"excerpt":{"rendered":"<p>Flamingo kassitualeti filter 3tk.<\/p>\n","protected":false},"featured_media":12890,"template":"","meta":[],"product_cat":[1216],"product_tag":[],"class_list":{"0":"post-15884","1":"product","2":"type-product","3":"status-publish","4":"has-post-thumbnail","6":"product_cat-kasside-tarvikud","7":"pa_brand-flamingo","8":"pa_ean-1418","9":"pa_kaal-0-020","10":"pa_tootjariik-hiina","12":"first","13":"outofstock","14":"taxable","15":"shipping-taxable","16":"purchasable","17":"product-type-simple"},"_links":{"self":[{"href":"https:\/\/kasskoer.ee\/en\/wp-json\/wp\/v2\/product\/15884","targetHints":{"allow":["GET"]}}],"collection":[{"href":"https:\/\/kasskoer.ee\/en\/wp-json\/wp\/v2\/product"}],"about":[{"href":"https:\/\/kasskoer.ee\/en\/wp-json\/wp\/v2\/types\/product"}],"wp:featuredmedia":[{"embeddable":true,"href":"https:\/\/kasskoer.ee\/en\/wp-json\/wp\/v2\/media\/12890"}],"wp:attachment":[{"href":"https:\/\/kasskoer.ee\/en\/wp-json\/wp\/v2\/media?parent=15884"}],"wp:term":[{"taxonomy":"product_cat","embeddable":true,"href":"https:\/\/kasskoer.ee\/en\/wp-json\/wp\/v2\/product_cat?post=15884"},{"taxonomy":"product_tag","embeddable":true,"href":"https:\/\/kasskoer.ee\/en\/wp-json\/wp\/v2\/product_tag?post=15884"}],"curies":[{"name":"wp","href":"https:\/\/api.w.org\/{rel}","templated":true}]}}