{"id":15887,"date":"2026-04-20T03:10:48","date_gmt":"2026-04-20T00:10:48","guid":{"rendered":"https:\/\/kasskoer.ee\/product\/flamingo-metallkauss-bone-appetit-koerale-o-17cm-900ml-2\/"},"modified":"2026-04-20T03:10:48","modified_gmt":"2026-04-20T00:10:48","slug":"flamingo-metallkauss-bone-appetit-koerale-o-17cm-900ml","status":"publish","type":"product","link":"https:\/\/kasskoer.ee\/en\/toode\/flamingo-metallkauss-bone-appetit-koerale-o-17cm-900ml\/","title":{"rendered":"Flamingo metallkauss &#8220;Bone Appetit&#8221; koerale \u00f8 17cm &#8211; 900ml"},"content":{"rendered":"<ul>\n<li>Kausil on kummist alus, mis muudab&nbsp;kausi libisemiskindlaks.<\/li>\n<li>Kauss on n\u00f5udepesumasinas pestav.<\/li>\n<\/ul>\n","protected":false},"excerpt":{"rendered":"<p>Flamingo libisemisvastase p\u00f5hjaga s\u00f6\u00f6gi- ja joogin\u00f5u koerale.<\/p>\n","protected":false},"featured_media":12894,"template":"","meta":[],"product_cat":[1319],"product_tag":[],"class_list":{"0":"post-15887","1":"product","2":"type-product","3":"status-publish","4":"has-post-thumbnail","6":"product_cat-koerte-sooginoud","7":"pa_brand-flamingo","8":"pa_ean-903","9":"pa_kaal-0-170","10":"pa_tootjariik-india","12":"first","13":"instock","14":"taxable","15":"shipping-taxable","16":"purchasable","17":"product-type-simple"},"_links":{"self":[{"href":"https:\/\/kasskoer.ee\/en\/wp-json\/wp\/v2\/product\/15887","targetHints":{"allow":["GET"]}}],"collection":[{"href":"https:\/\/kasskoer.ee\/en\/wp-json\/wp\/v2\/product"}],"about":[{"href":"https:\/\/kasskoer.ee\/en\/wp-json\/wp\/v2\/types\/product"}],"wp:featuredmedia":[{"embeddable":true,"href":"https:\/\/kasskoer.ee\/en\/wp-json\/wp\/v2\/media\/12894"}],"wp:attachment":[{"href":"https:\/\/kasskoer.ee\/en\/wp-json\/wp\/v2\/media?parent=15887"}],"wp:term":[{"taxonomy":"product_cat","embeddable":true,"href":"https:\/\/kasskoer.ee\/en\/wp-json\/wp\/v2\/product_cat?post=15887"},{"taxonomy":"product_tag","embeddable":true,"href":"https:\/\/kasskoer.ee\/en\/wp-json\/wp\/v2\/product_tag?post=15887"}],"curies":[{"name":"wp","href":"https:\/\/api.w.org\/{rel}","templated":true}]}}