{"id":15903,"date":"2026-04-20T03:10:48","date_gmt":"2026-04-20T00:10:48","guid":{"rendered":"https:\/\/kasskoer.ee\/product\/flamingo-libisemisvastase-pohjaga-bambusest-kauss-lemmikloomale-o-14cm-450ml-2\/"},"modified":"2026-04-20T03:10:49","modified_gmt":"2026-04-20T00:10:49","slug":"flamingo-libisemisvastase-pohjaga-bambusest-kauss-lemmikloomale-o-14cm-450ml","status":"publish","type":"product","link":"https:\/\/kasskoer.ee\/en\/toode\/flamingo-libisemisvastase-pohjaga-bambusest-kauss-lemmikloomale-o-14cm-450ml\/","title":{"rendered":"Flamingo libisemisvastase p\u00f5hjaga bambusest kauss lemmikloomale \u00f8 14cm &#8211; 450ml"},"content":{"rendered":"<li>Kausil on kummist alus, mis muudab kausi libisemiskindlaks.<\/li>\n<p>&#13;<\/p>\n<li>Kauss on n\u00f5udepesumasinas pestav.<\/li>\n<p>&#13;<br \/>\n<br \/>&#13;<br \/>\nNB! Kausi toon v\u00f5ib erineda pildil kujutatust.<\/p>\n","protected":false},"excerpt":{"rendered":"<p>Flamingo libisemisvastase p\u00f5hjaga taupe tooni bambusest s\u00f6\u00f6gi- ja joogin\u00f5u lemmikloomale.<\/p>\n","protected":false},"featured_media":12908,"template":"","meta":[],"product_cat":[1319],"product_tag":[],"class_list":{"0":"post-15903","1":"product","2":"type-product","3":"status-publish","4":"has-post-thumbnail","6":"product_cat-koerte-sooginoud","7":"pa_brand-flamingo","8":"pa_ean-1337","9":"pa_kaal-0-160","10":"pa_tootjariik-india","12":"first","13":"instock","14":"taxable","15":"shipping-taxable","16":"purchasable","17":"product-type-simple"},"_links":{"self":[{"href":"https:\/\/kasskoer.ee\/en\/wp-json\/wp\/v2\/product\/15903","targetHints":{"allow":["GET"]}}],"collection":[{"href":"https:\/\/kasskoer.ee\/en\/wp-json\/wp\/v2\/product"}],"about":[{"href":"https:\/\/kasskoer.ee\/en\/wp-json\/wp\/v2\/types\/product"}],"wp:featuredmedia":[{"embeddable":true,"href":"https:\/\/kasskoer.ee\/en\/wp-json\/wp\/v2\/media\/12908"}],"wp:attachment":[{"href":"https:\/\/kasskoer.ee\/en\/wp-json\/wp\/v2\/media?parent=15903"}],"wp:term":[{"taxonomy":"product_cat","embeddable":true,"href":"https:\/\/kasskoer.ee\/en\/wp-json\/wp\/v2\/product_cat?post=15903"},{"taxonomy":"product_tag","embeddable":true,"href":"https:\/\/kasskoer.ee\/en\/wp-json\/wp\/v2\/product_tag?post=15903"}],"curies":[{"name":"wp","href":"https:\/\/api.w.org\/{rel}","templated":true}]}}