{"id":15908,"date":"2026-04-20T03:10:48","date_gmt":"2026-04-20T00:10:48","guid":{"rendered":"https:\/\/kasskoer.ee\/product\/flamingo-riputatav-nariliste-manguasi-29cm-2\/"},"modified":"2026-04-20T03:10:49","modified_gmt":"2026-04-20T00:10:49","slug":"flamingo-riputatav-nariliste-manguasi-29cm","status":"publish","type":"product","link":"https:\/\/kasskoer.ee\/en\/toode\/flamingo-riputatav-nariliste-manguasi-29cm\/","title":{"rendered":"Flamingo riputatav n\u00e4riliste m\u00e4nguasi 29cm"},"content":{"rendered":"<li>Sisaldab erinevaid n\u00e4rimiseks sobivaid materjale.<\/li>\n<p>&#13;<\/p>\n<li>Pakub n\u00e4rilisele r\u00f5\u00f5mu ja aktiivset tegevust.<\/li>\n<p>&#13;<\/p>\n<li>T\u00e4nu puidust konksule on lihtsasti puuri k\u00fclge riputatav.<\/li>\n","protected":false},"excerpt":{"rendered":"<p>Flamingo riputatav lelu n\u00e4rilistele.<\/p>\n","protected":false},"featured_media":12912,"template":"","meta":[],"product_cat":[1320,693,3078],"product_tag":[],"class_list":{"0":"post-15908","1":"product","2":"type-product","3":"status-publish","4":"has-post-thumbnail","6":"product_cat-nariliste-manguasjad","7":"product_cat-muud-loomad","8":"product_cat-narilised","9":"pa_brand-flamingo","10":"pa_ean-1468","11":"pa_kaal-0-060","12":"pa_tootjariik-hiina","14":"first","15":"instock","16":"taxable","17":"shipping-taxable","18":"purchasable","19":"product-type-simple"},"_links":{"self":[{"href":"https:\/\/kasskoer.ee\/en\/wp-json\/wp\/v2\/product\/15908","targetHints":{"allow":["GET"]}}],"collection":[{"href":"https:\/\/kasskoer.ee\/en\/wp-json\/wp\/v2\/product"}],"about":[{"href":"https:\/\/kasskoer.ee\/en\/wp-json\/wp\/v2\/types\/product"}],"wp:featuredmedia":[{"embeddable":true,"href":"https:\/\/kasskoer.ee\/en\/wp-json\/wp\/v2\/media\/12912"}],"wp:attachment":[{"href":"https:\/\/kasskoer.ee\/en\/wp-json\/wp\/v2\/media?parent=15908"}],"wp:term":[{"taxonomy":"product_cat","embeddable":true,"href":"https:\/\/kasskoer.ee\/en\/wp-json\/wp\/v2\/product_cat?post=15908"},{"taxonomy":"product_tag","embeddable":true,"href":"https:\/\/kasskoer.ee\/en\/wp-json\/wp\/v2\/product_tag?post=15908"}],"curies":[{"name":"wp","href":"https:\/\/api.w.org\/{rel}","templated":true}]}}