{"id":15918,"date":"2026-04-20T03:10:48","date_gmt":"2026-04-20T00:10:48","guid":{"rendered":"https:\/\/kasskoer.ee\/product\/flamingo-nariliste-manguasi-hanger-carrot-32cm-2\/"},"modified":"2026-04-20T03:10:49","modified_gmt":"2026-04-20T00:10:49","slug":"flamingo-nariliste-manguasi-hanger-carrot-32cm","status":"publish","type":"product","link":"https:\/\/kasskoer.ee\/en\/toode\/flamingo-nariliste-manguasi-hanger-carrot-32cm\/","title":{"rendered":"Flamingo n\u00e4riliste m\u00e4nguasi Hanger Carrot 32cm"},"content":{"rendered":"<p>Flamingo n\u00e4riliste m\u00e4nguasi Hanger Carrot 32cm.&#13;<\/p>\n<li>Ohutu ja sobilik n\u00e4rimiseks.<\/li>\n<p>&#13;<\/p>\n<li>Pakub n\u00e4rilisele r\u00f5\u00f5mu ja aktiivset tegevust.<\/li>\n","protected":false},"excerpt":{"rendered":"<p>Flamingo m\u00e4nguasi n\u00e4rilistele.<\/p>\n","protected":false},"featured_media":12924,"template":"","meta":[],"product_cat":[1320,693,3078],"product_tag":[],"class_list":{"0":"post-15918","1":"product","2":"type-product","3":"status-publish","4":"has-post-thumbnail","6":"product_cat-nariliste-manguasjad","7":"product_cat-muud-loomad","8":"product_cat-narilised","9":"pa_brand-flamingo","10":"pa_ean-1469","11":"pa_kaal-0-040","12":"pa_tootjariik-hiina","14":"first","15":"instock","16":"taxable","17":"shipping-taxable","18":"purchasable","19":"product-type-simple"},"_links":{"self":[{"href":"https:\/\/kasskoer.ee\/en\/wp-json\/wp\/v2\/product\/15918","targetHints":{"allow":["GET"]}}],"collection":[{"href":"https:\/\/kasskoer.ee\/en\/wp-json\/wp\/v2\/product"}],"about":[{"href":"https:\/\/kasskoer.ee\/en\/wp-json\/wp\/v2\/types\/product"}],"wp:featuredmedia":[{"embeddable":true,"href":"https:\/\/kasskoer.ee\/en\/wp-json\/wp\/v2\/media\/12924"}],"wp:attachment":[{"href":"https:\/\/kasskoer.ee\/en\/wp-json\/wp\/v2\/media?parent=15918"}],"wp:term":[{"taxonomy":"product_cat","embeddable":true,"href":"https:\/\/kasskoer.ee\/en\/wp-json\/wp\/v2\/product_cat?post=15918"},{"taxonomy":"product_tag","embeddable":true,"href":"https:\/\/kasskoer.ee\/en\/wp-json\/wp\/v2\/product_tag?post=15918"}],"curies":[{"name":"wp","href":"https:\/\/api.w.org\/{rel}","templated":true}]}}