{"id":15923,"date":"2026-04-20T03:10:48","date_gmt":"2026-04-20T00:10:48","guid":{"rendered":"https:\/\/kasskoer.ee\/product\/flamingo-kena-range-kauss-sinine-o-21cm-15l-2\/"},"modified":"2026-04-20T03:10:50","modified_gmt":"2026-04-20T00:10:50","slug":"flamingo-kena-range-kauss-sinine-o-21cm-15l","status":"publish","type":"product","link":"https:\/\/kasskoer.ee\/en\/toode\/flamingo-kena-range-kauss-sinine-o-21cm-15l\/","title":{"rendered":"Flamingo Kena Range kauss sinine \u00f8 21cm &#8211; 1,5L"},"content":{"rendered":"<li>Libisemisvastane p\u00f5hi.<\/li>\n<p>&#13;<\/p>\n<li>Kausi pesemiseks n\u00f5udepesumasinas tuleks eemaldada libisemisvastane kummist p\u00f5hi.<\/li>\n<p>&#13;<\/p>\n<li>Valmistatud roostevabast terasest.<\/li>\n","protected":false},"excerpt":{"rendered":"<p>Flamingo Kena Range sinine s\u00f6\u00f6gin\u00f5u lemmikule.<\/p>\n","protected":false},"featured_media":12930,"template":"","meta":[],"product_cat":[1319],"product_tag":[],"class_list":{"0":"post-15923","1":"product","2":"type-product","3":"status-publish","4":"has-post-thumbnail","6":"product_cat-koerte-sooginoud","7":"pa_brand-flamingo","8":"pa_ean-2184","9":"pa_kaal-0-300","10":"pa_tootjariik-india","12":"first","13":"instock","14":"taxable","15":"shipping-taxable","16":"purchasable","17":"product-type-simple"},"_links":{"self":[{"href":"https:\/\/kasskoer.ee\/en\/wp-json\/wp\/v2\/product\/15923","targetHints":{"allow":["GET"]}}],"collection":[{"href":"https:\/\/kasskoer.ee\/en\/wp-json\/wp\/v2\/product"}],"about":[{"href":"https:\/\/kasskoer.ee\/en\/wp-json\/wp\/v2\/types\/product"}],"wp:featuredmedia":[{"embeddable":true,"href":"https:\/\/kasskoer.ee\/en\/wp-json\/wp\/v2\/media\/12930"}],"wp:attachment":[{"href":"https:\/\/kasskoer.ee\/en\/wp-json\/wp\/v2\/media?parent=15923"}],"wp:term":[{"taxonomy":"product_cat","embeddable":true,"href":"https:\/\/kasskoer.ee\/en\/wp-json\/wp\/v2\/product_cat?post=15923"},{"taxonomy":"product_tag","embeddable":true,"href":"https:\/\/kasskoer.ee\/en\/wp-json\/wp\/v2\/product_tag?post=15923"}],"curies":[{"name":"wp","href":"https:\/\/api.w.org\/{rel}","templated":true}]}}