{"id":15924,"date":"2026-04-20T03:10:48","date_gmt":"2026-04-20T00:10:48","guid":{"rendered":"https:\/\/kasskoer.ee\/product\/flamingo-hapki-tuna-rolls-kassimaius-50g-2\/"},"modified":"2026-04-20T03:10:50","modified_gmt":"2026-04-20T00:10:50","slug":"flamingo-hapki-tuna-rolls-kassimaius-50g","status":"publish","type":"product","link":"https:\/\/kasskoer.ee\/en\/toode\/flamingo-hapki-tuna-rolls-kassimaius-50g\/","title":{"rendered":"Flamingo Hapki Tuna Rolls kassimaius 50g"},"content":{"rendered":"<p><b>Flamingo Hapki tuunikalaga kassimaius. T\u00e4iends\u00f6\u00f6t kassidele.<\/b>&#13;<\/p>\n<li>Pehmed ja v\u00e4ga maitsekad maiused.<\/li>\n<p>&#13;<\/p>\n<li>Maius on gluteenivaba.<\/li>\n<p>&#13;<\/p>\n<li>Ilma lisatud suhkruta.<\/li>\n<p>&#13;<br \/>\n<br \/>&#13;<br \/>\n<b>Koostis<\/b><br \/>&#13;<br \/>\nTuunikala (40%), kanarind (32%), tursk (20%), t\u00e4rklis (3,5%), sorbitool (2%), gl\u00fctseriin (2%), sool (0,5%).<br \/>&#13;<br \/>\n<br \/>&#13;<br \/>\n<b>Anal\u00fc\u00fctilised koostisosad<\/b><br \/>&#13;<br \/>\nToorvalk 22%, niiskus 22%, toorrasv 4%, toortuhk 2%, toorkiud 0,2%.<br \/>&#13;<br \/>\n<br \/>&#13;<br \/>\n<b>Soovituslik p\u00e4evane kogus<\/b><br \/>&#13;<br \/>\nKassipoeg: 2-3tk<br \/>&#13;<br \/>\nT\u00e4iskasvanud kass: 6-9tk<\/p>\n","protected":false},"excerpt":{"rendered":"<p>Flamingo kassimaius tuunikalaga.<\/p>\n","protected":false},"featured_media":12932,"template":"","meta":[],"product_cat":[1211],"product_tag":[],"class_list":{"0":"post-15924","1":"product","2":"type-product","3":"status-publish","4":"has-post-thumbnail","6":"product_cat-kasside-maiused","7":"pa_brand-flamingo","8":"pa_ean-2068","9":"pa_kaal-0-050","10":"pa_tootjariik-hiina","12":"first","13":"outofstock","14":"taxable","15":"shipping-taxable","16":"purchasable","17":"product-type-simple"},"_links":{"self":[{"href":"https:\/\/kasskoer.ee\/en\/wp-json\/wp\/v2\/product\/15924","targetHints":{"allow":["GET"]}}],"collection":[{"href":"https:\/\/kasskoer.ee\/en\/wp-json\/wp\/v2\/product"}],"about":[{"href":"https:\/\/kasskoer.ee\/en\/wp-json\/wp\/v2\/types\/product"}],"wp:featuredmedia":[{"embeddable":true,"href":"https:\/\/kasskoer.ee\/en\/wp-json\/wp\/v2\/media\/12932"}],"wp:attachment":[{"href":"https:\/\/kasskoer.ee\/en\/wp-json\/wp\/v2\/media?parent=15924"}],"wp:term":[{"taxonomy":"product_cat","embeddable":true,"href":"https:\/\/kasskoer.ee\/en\/wp-json\/wp\/v2\/product_cat?post=15924"},{"taxonomy":"product_tag","embeddable":true,"href":"https:\/\/kasskoer.ee\/en\/wp-json\/wp\/v2\/product_tag?post=15924"}],"curies":[{"name":"wp","href":"https:\/\/api.w.org\/{rel}","templated":true}]}}