{"id":15926,"date":"2026-04-20T03:10:48","date_gmt":"2026-04-20T00:10:48","guid":{"rendered":"https:\/\/kasskoer.ee\/product\/brit-care-cat-grain-free-sterilized-weight-control-kassitoit-04kg-2\/"},"modified":"2026-04-20T03:10:50","modified_gmt":"2026-04-20T00:10:50","slug":"brit-care-cat-grain-free-sterilized-weight-control-kassitoit-04kg","status":"publish","type":"product","link":"https:\/\/kasskoer.ee\/en\/toode\/brit-care-cat-grain-free-sterilized-weight-control-kassitoit-04kg\/","title":{"rendered":"Brit Care Cat Grain-Free Sterilized Weight Control kassitoit 0,4kg"},"content":{"rendered":"<p><span style=\"color: rgb(0, 0, 0);\"><strong>V\u00e4hendatud rasvasisaldusega valgurikas h\u00fcpoallergeenne koostis, mis soodustab seedekulgla tervist ja aitab s\u00e4ilitada ideaalset kehakaalu.<\/strong>&nbsp;Vitamiinidest ja flavonoididest pungil viljad ja maitsetaimed parandavad kassi v\u00e4limust ning v\u00f5imaldavad tal elada pikka ja tervislikku elu.<\/span><\/p>\n<ul>\n<li><span style=\"color: rgb(0, 0, 0);\">V\u00e4rske part on kergesti seeditav liha, mis sisaldab rikkalikult keha kolesterooli taset alandavaid pol\u00fck\u00fcllastumata rasvhappeid.<\/span><\/li>\n<li><span style=\"color: rgb(0, 0, 0);\">Madal rasvasisaldus&nbsp;ning lahustuvad ja mittelahustuvad kiudained aitavad s\u00e4ilitada optimaalset kehakaalu.<\/span><\/li>\n<li><span style=\"color: rgb(0, 0, 0);\">Astelpaju&nbsp;toetab neerude ja kuseteede tervist. <\/span>L-metioniini ja madal magneesiumi sisaldus aitavad hoida uriini pH-d optimaalses vahemikus 6,0\u20136,5, v\u00e4ltimaks kusekivide teket.<\/li>\n<li><span style=\"color: rgb(0, 0, 0);\">Mungalill&nbsp;on looduslik antibiootikum. See aitab v\u00e4ltida neerukivide teket steriliseeritud ja vanematel kassidel ning omab t\u00f5husaid antibakteriaalseid ja antiseptilisi omadusi.<\/span><\/li>\n<li><span style=\"color: rgb(0, 0, 0);\">Teraviljavaba \u2013 v\u00e4rvainetevaba \u2013 s\u00e4ilitusainetevaba \u2013 GMO vaba \u2013 soja vaba.<\/span><\/li>\n<\/ul>\n<p><span style=\"color: rgb(0, 0, 0);\"><strong>Koostis&nbsp;<\/strong><\/span><br \/> <span style=\"color: rgb(0, 0, 0);\">V\u00e4rske pardiliha (26%), deh\u00fcdreeritud kalkun (26%), kollased herned (16%), kikerherned (10%), kuivatatud \u00f5unad (7%), kodulinnurasv (konserveeritud tokoferoolidega, 4%), l\u00f5he\u00f5li (2%), h\u00fcdrol\u00fc\u00fcsitud kanamaks (2%), India teelehe seemnekestad ja seemned (2%), \u00f5llep\u00e4rm (2%), linaseemned (1%), kuivatatud mungalill (0,5%), kuivatatud kummel (0,5%), mineraalained, kuivatatud tatar (0,3%), kuivatatud j\u00f5hvikad (0,2%), frukto-oligosahhariidid (0,015%), mannaan-oligosahhariidid (0,015%), mohaave t\u00e4\u00e4kliilia (0,008%), Lactobacillus acidophilus HA \u2013 122 inaktiveeritud (15 \u00d7 109 rakku\/kg).<\/span><\/p>\n<p> <span style=\"color: rgb(0, 0, 0);\"><strong>Anal\u00fc\u00fctilised koostisosad&nbsp;<\/strong><\/span><br \/> <span style=\"color: rgb(0, 0, 0);\">Toorvalk 32,0%, toorrasv 12,0%, toorkiud 4,0%, toortuhk 9,0%, niiskus 10,0%, oomega-3 0,3%, oomega-6 1,6%, kaltsium 0,9%, fosfor 0,7%, naatrium 1,0%, magneesium 0,04%.<\/span><\/p>\n<p> <span style=\"color: rgb(0, 0, 0);\"><strong>S\u00f6\u00f6dalisandid<\/strong><\/span><br \/> <span style=\"color: rgb(0, 0, 0);\">A-vitamiini (3a672a) 20 000 R\u00dc, D3-vitamiini (E671) 800 R\u00dc, E-vitamiini (3a700) 600 mg, C-vitamiini (3a312) 300 mg, tauriini (3a370) 2500 mg, L-karnitiini (3a910) 100 mg, koliinkloriidi (3a890) 2500 mg, biotiini (3a880) 2 mg, B1-vitamiini (3a821) 10 mg, B2-vitamiini 12 mg, niatsiinamiidi (3a315) 50 mg, kaltsium-D-pantotenaati (3a841) 40 mg, B6-vitamiini (3a831) 10 mg, foolhapet (3a316) 2 mg, B12-vitamiini 0,04 mg, tsinki (3b606) 120 mg, rauda (3b106) 45 mg, mangaani (3b504) 55 mg, kaaliumjodiidi (3b201) 4 mg, vaske (3b406) 10 mg, seleeni (3b8.10) 0,2 mg, L-metioniini (3c305) 4000 mg. Sisaldab EL-is heakskiidetud looduslikke antioks\u00fcdante: taime\u00f5list saadud tokoferoolirikkaid ekstrakte (1b306), askorb\u00fc\u00fclpalmitaati (1b304) ja rosmariiniekstrakti.<\/span><\/p>\n<p> <span style=\"color: rgb(0, 0, 0);\"><strong>Metaboliseeruv energia<\/strong><\/span><br \/> <span style=\"color: rgb(0, 0, 0);\">3,520 kcal\/kg<\/span><\/p>\n<p> <span style=\"color: rgb(0, 0, 0);\"><strong>Toitmisjuhend<\/strong><\/span><\/p>\n<figure class=\"table\">\n<table>\n<tbody>\n<tr>\n<th><span style=\"color: rgb(0, 0, 0);\">Kassi kaal(kg)<\/span><\/th>\n<th><span style=\"color: rgb(0, 0, 0);\">2-3<\/span><\/th>\n<th><span style=\"color: rgb(0, 0, 0);\">3-5<\/span><\/th>\n<th><span style=\"color: rgb(0, 0, 0);\">5-7<\/span><\/th>\n<th><span style=\"color: rgb(0, 0, 0);\">7-9<\/span><\/th>\n<\/tr>\n<tr>\n<th><span style=\"color: rgb(0, 0, 0);\">Kogus(g\/p\u00e4evas)<\/span><\/th>\n<th><span style=\"color: rgb(0, 0, 0);\">40-55<\/span><\/th>\n<th><span style=\"color: rgb(0, 0, 0);\">55-75<\/span><\/th>\n<th><span style=\"color: rgb(0, 0, 0);\">75-85<\/span><\/th>\n<th><span style=\"color: rgb(0, 0, 0);\">85-95<\/span><\/th>\n<\/tr>\n<\/tbody>\n<\/table>\n<\/figure>\n","protected":false},"excerpt":{"rendered":"<p>Brit Care teraviljavaba h\u00fcpoallergeenne t\u00e4istoit steriliseeritud ja \u00fclekaalulistele t\u00e4iskasvanud kassidele kalkuni ja v\u00e4rske pardilihaga.<\/p>\n","protected":false},"featured_media":12938,"template":"","meta":[],"product_cat":[689,75],"product_tag":[],"class_list":{"0":"post-15926","1":"product","2":"type-product","3":"status-publish","4":"has-post-thumbnail","6":"product_cat-kassid","7":"product_cat-kassitoit","8":"pa_brand-brit-care","9":"pa_ean-793","10":"pa_kaal-0-400","11":"pa_tootjariik-tsehhi","13":"first","14":"instock","15":"taxable","16":"shipping-taxable","17":"purchasable","18":"product-type-simple"},"_links":{"self":[{"href":"https:\/\/kasskoer.ee\/en\/wp-json\/wp\/v2\/product\/15926","targetHints":{"allow":["GET"]}}],"collection":[{"href":"https:\/\/kasskoer.ee\/en\/wp-json\/wp\/v2\/product"}],"about":[{"href":"https:\/\/kasskoer.ee\/en\/wp-json\/wp\/v2\/types\/product"}],"wp:featuredmedia":[{"embeddable":true,"href":"https:\/\/kasskoer.ee\/en\/wp-json\/wp\/v2\/media\/12938"}],"wp:attachment":[{"href":"https:\/\/kasskoer.ee\/en\/wp-json\/wp\/v2\/media?parent=15926"}],"wp:term":[{"taxonomy":"product_cat","embeddable":true,"href":"https:\/\/kasskoer.ee\/en\/wp-json\/wp\/v2\/product_cat?post=15926"},{"taxonomy":"product_tag","embeddable":true,"href":"https:\/\/kasskoer.ee\/en\/wp-json\/wp\/v2\/product_tag?post=15926"}],"curies":[{"name":"wp","href":"https:\/\/api.w.org\/{rel}","templated":true}]}}