{"id":15939,"date":"2026-04-20T03:10:48","date_gmt":"2026-04-20T00:10:48","guid":{"rendered":"https:\/\/kasskoer.ee\/product\/kimo-kuivatatud-narimispulk-lihaga-150g-2\/"},"modified":"2026-04-20T03:10:50","modified_gmt":"2026-04-20T00:10:50","slug":"kimo-kuivatatud-narimispulk-lihaga-150g","status":"publish","type":"product","link":"https:\/\/kasskoer.ee\/en\/toode\/kimo-kuivatatud-narimispulk-lihaga-150g\/","title":{"rendered":"Kimo kuivatatud n\u00e4rimispulk lihaga 150g"},"content":{"rendered":"<p><strong>Kimo naturaalne n\u00e4rimismaius koerale &#8211; n\u00e4rimispulk lihaga.<\/strong> <\/p>\n<ul>\n<li>100% naturaalne.<\/li>\n<li>Ilma keemiliste lisandite, v\u00e4rvainete ja&nbsp;kunstlike l\u00f5hnaaineteta.<\/li>\n<\/ul>\n<p> <strong>Koostis<\/strong><br \/> Naturaalne p\u00fchvli liha, p\u00fchvli nahk.<\/p>\n<p> <strong>Anal\u00fc\u00fctilised koostisosad<\/strong><br \/> Toorvalk 82-85%, toorrasv 3-5%, toortuhk 1,5-1,8%, toorkiud 0,4-0,6%, niiskus 7-9%.<\/p>\n<p> <strong>Toitmine<\/strong><br \/> Anda nagu maiustust olenevalt koera suurusest. V\u00e4rske vesi peab olema alati saadaval.<br \/> Hoida kuivas ja jahedas, kaitstuna otsese p\u00e4ikesevalguse eest.<\/p>\n","protected":false},"excerpt":{"rendered":"<p>Kimo naturaalne n\u00e4rimismaius koerale.<\/p>\n","protected":false},"featured_media":12952,"template":"","meta":[],"product_cat":[1317,688],"product_tag":[],"class_list":{"0":"post-15939","1":"product","2":"type-product","3":"status-publish","4":"has-post-thumbnail","6":"product_cat-koerte-narimismaiused","7":"product_cat-koerad","8":"pa_brand-kimo","9":"pa_ean-1123","10":"pa_kaal-0-150","11":"pa_tootjariik-india","13":"first","14":"instock","15":"taxable","16":"shipping-taxable","17":"purchasable","18":"product-type-simple"},"_links":{"self":[{"href":"https:\/\/kasskoer.ee\/en\/wp-json\/wp\/v2\/product\/15939","targetHints":{"allow":["GET"]}}],"collection":[{"href":"https:\/\/kasskoer.ee\/en\/wp-json\/wp\/v2\/product"}],"about":[{"href":"https:\/\/kasskoer.ee\/en\/wp-json\/wp\/v2\/types\/product"}],"wp:featuredmedia":[{"embeddable":true,"href":"https:\/\/kasskoer.ee\/en\/wp-json\/wp\/v2\/media\/12952"}],"wp:attachment":[{"href":"https:\/\/kasskoer.ee\/en\/wp-json\/wp\/v2\/media?parent=15939"}],"wp:term":[{"taxonomy":"product_cat","embeddable":true,"href":"https:\/\/kasskoer.ee\/en\/wp-json\/wp\/v2\/product_cat?post=15939"},{"taxonomy":"product_tag","embeddable":true,"href":"https:\/\/kasskoer.ee\/en\/wp-json\/wp\/v2\/product_tag?post=15939"}],"curies":[{"name":"wp","href":"https:\/\/api.w.org\/{rel}","templated":true}]}}