{"id":15944,"date":"2026-04-20T03:10:48","date_gmt":"2026-04-20T00:10:48","guid":{"rendered":"https:\/\/kasskoer.ee\/product\/cat-land-kassiliiv-5kg-2\/"},"modified":"2026-04-20T03:10:51","modified_gmt":"2026-04-20T00:10:51","slug":"cat-land-kassiliiv-5kg","status":"publish","type":"product","link":"https:\/\/kasskoer.ee\/en\/toode\/cat-land-kassiliiv-5kg\/","title":{"rendered":"Cat Land kassiliiv 5kg"},"content":{"rendered":"<p><span style=\"color:#000000;\">Bentoniidist paakuv allapanu on h\u00fcpoallergeenne, kahjutu keskkonnale, kahjutu inimese tervisele \u2013 <strong>allapanu sobib kassidele ja ka teistele lemmikloomadele.<\/strong><\/p>\n<p> <strong>Allapanu omadused<\/strong><\/span> <\/p>\n<ul>\n<li><span style=\"color:#000000;\">H\u00fcgieeniline.<\/span><\/li>\n<li><span style=\"color:#000000;\">\u00d6koloogiline.<\/span><\/li>\n<li><span style=\"color:#000000;\">Imab suurep\u00e4raselt vedelikke.<\/span><\/li>\n<li><span style=\"color:#000000;\">M\u00e4rjad graanulid paakuvad v\u00e4ga&nbsp;h\u00e4sti.<\/span><\/li>\n<li><span style=\"color:#000000;\">Allergiavaba.<\/span><\/li>\n<li><span style=\"color:#000000;\">Ei j\u00e4\u00e4 k\u00e4ppade k\u00fclge, nii s\u00e4ilib teie kodus puhtus.<\/span><\/li>\n<\/ul>\n<p> <span style=\"color:#000000;\"> <strong>Koostis<\/strong><br \/> 100% looduslik bentoniitsavi.<\/p>\n<p> <strong>Kasutamine<\/strong><br \/> Lisa lemmiklooma tualetti 4-5 cm kiht allapanu. Kord p\u00e4evas eemaldage k\u00f5vad v\u00e4ljaheited ja t\u00fckid ning lisage v\u00e4rsket allapanu. NB! Mitte lasta tualetist alla.<\/p>\n<p> <strong>S\u00e4ilitamistingimused<\/strong><br \/> Kuivas kohas suhtelise \u00f5huniiskusega mitte \u00fcle 70%.<\/p>\n<p> <strong>K\u00f5lblikkusaeg<\/strong><br \/> \u00d5igete s\u00e4ilitustingimustega ei aegu.<\/span><\/p>\n","protected":false},"excerpt":{"rendered":"<p>Cat Land l\u00f5hnatu bentoniidist paakuv allapanu lemmikloomadele.<\/p>\n","protected":false},"featured_media":12960,"template":"","meta":[],"product_cat":[689,565],"product_tag":[],"class_list":{"0":"post-15944","1":"product","2":"type-product","3":"status-publish","4":"has-post-thumbnail","6":"product_cat-kassid","7":"product_cat-kassiliivad","8":"pa_brand-cat-land","9":"pa_ean-797","10":"pa_kaal-5-000","11":"pa_tootjariik-ukraina","13":"first","14":"instock","15":"taxable","16":"shipping-taxable","17":"purchasable","18":"product-type-simple"},"_links":{"self":[{"href":"https:\/\/kasskoer.ee\/en\/wp-json\/wp\/v2\/product\/15944","targetHints":{"allow":["GET"]}}],"collection":[{"href":"https:\/\/kasskoer.ee\/en\/wp-json\/wp\/v2\/product"}],"about":[{"href":"https:\/\/kasskoer.ee\/en\/wp-json\/wp\/v2\/types\/product"}],"wp:featuredmedia":[{"embeddable":true,"href":"https:\/\/kasskoer.ee\/en\/wp-json\/wp\/v2\/media\/12960"}],"wp:attachment":[{"href":"https:\/\/kasskoer.ee\/en\/wp-json\/wp\/v2\/media?parent=15944"}],"wp:term":[{"taxonomy":"product_cat","embeddable":true,"href":"https:\/\/kasskoer.ee\/en\/wp-json\/wp\/v2\/product_cat?post=15944"},{"taxonomy":"product_tag","embeddable":true,"href":"https:\/\/kasskoer.ee\/en\/wp-json\/wp\/v2\/product_tag?post=15944"}],"curies":[{"name":"wp","href":"https:\/\/api.w.org\/{rel}","templated":true}]}}