{"id":15946,"date":"2026-04-20T03:10:48","date_gmt":"2026-04-20T00:10:48","guid":{"rendered":"https:\/\/kasskoer.ee\/product\/botaniqa-active-line-magic-grooming-karvahooldus-sprei-250ml-2\/"},"modified":"2026-04-20T03:10:51","modified_gmt":"2026-04-20T00:10:51","slug":"botaniqa-active-line-magic-grooming-karvahooldus-sprei-250ml","status":"publish","type":"product","link":"https:\/\/kasskoer.ee\/en\/toode\/botaniqa-active-line-magic-grooming-karvahooldus-sprei-250ml\/","title":{"rendered":"Botaniqa Active Line Magic Grooming karvahooldus sprei 250ml"},"content":{"rendered":"<li>Muudab karva lihtsalt harjatavaks ja pusavabaks.<\/li>\n<p>&#13;<\/p>\n<li>Sobib suurep\u00e4raselt karvkatte v\u00e4rskendamiseks ja niiskuse lisamiseks.<\/li>\n<p>&#13;<\/p>\n<li>V\u00f5ib kasutada karvale j\u00e4etava palsamina.<\/li>\n<p>&#13;<\/p>\n<li>Aitab v\u00e4hendada staatilist elektrit karvkattes.<\/li>\n<p>&#13;<\/p>\n<li>Sobib igat t\u00fc\u00fcpi ja erinevas pikkuses karvale.<\/li>\n<p>&#13;<br \/>\n&#13;<br \/>\n<br \/><b>Kasutamine<\/b><br \/>&#13;<br \/>\nEnne kasutamist loksutage korralikult. Pihustage karvkatte soovitud alale enne harjamist ja selle ajal. &#13;<br \/>\n<br \/>&#13;<br \/>\n<br \/><b>Koostis<\/b><br \/>&#13;<br \/>\nVesi, gl\u00fctseriin, isotridetseet-7, uurea, atseet, kollageen, h\u00fcdrol\u00fc\u00fcsitud siid, porphyra umbilicalis&#8217;e ekstrakt, caesalpinia spinosa kummi, h\u00fcdrol\u00fc\u00fcsitud ceratonia siliqua seemne ekstrakt, maisit\u00e4rklis, prunius armeniaca puuviljaekstrakt, prunus persica malus puuviljaekstrakt, theobroma grandiflorum seemnev\u00f5i, pol\u00fckvaternium-7, guar h\u00fcdroks\u00fc\u00fcltrimooniumkloriid, parf\u00fc\u00fcm, pol\u00fcsorbaat 80, prop\u00fcleengl\u00fckool, peg-40 h\u00fcdrogeenitud kastoor\u00f5li, trietanoolamiin, fenoks\u00fcetanool, et\u00fc\u00fclheks\u00fc\u00fclgl\u00fctseriin.<\/p>\n","protected":false},"excerpt":{"rendered":"<p>Botaniqa hooldussprei taimeekstraktidega terve karvkatte s\u00e4ilitamiseks.<\/p>\n","protected":false},"featured_media":12964,"template":"","meta":[],"product_cat":[2123],"product_tag":[],"class_list":{"0":"post-15946","1":"product","2":"type-product","3":"status-publish","4":"has-post-thumbnail","6":"product_cat-sampoonid","7":"pa_brand-botaniqa","8":"pa_ean-1631","9":"pa_kaal-0-250","10":"pa_tootjariik-poola","12":"first","13":"instock","14":"sale","15":"taxable","16":"shipping-taxable","17":"purchasable","18":"product-type-simple"},"_links":{"self":[{"href":"https:\/\/kasskoer.ee\/en\/wp-json\/wp\/v2\/product\/15946","targetHints":{"allow":["GET"]}}],"collection":[{"href":"https:\/\/kasskoer.ee\/en\/wp-json\/wp\/v2\/product"}],"about":[{"href":"https:\/\/kasskoer.ee\/en\/wp-json\/wp\/v2\/types\/product"}],"wp:featuredmedia":[{"embeddable":true,"href":"https:\/\/kasskoer.ee\/en\/wp-json\/wp\/v2\/media\/12964"}],"wp:attachment":[{"href":"https:\/\/kasskoer.ee\/en\/wp-json\/wp\/v2\/media?parent=15946"}],"wp:term":[{"taxonomy":"product_cat","embeddable":true,"href":"https:\/\/kasskoer.ee\/en\/wp-json\/wp\/v2\/product_cat?post=15946"},{"taxonomy":"product_tag","embeddable":true,"href":"https:\/\/kasskoer.ee\/en\/wp-json\/wp\/v2\/product_tag?post=15946"}],"curies":[{"name":"wp","href":"https:\/\/api.w.org\/{rel}","templated":true}]}}