{"id":15947,"date":"2026-04-20T03:10:48","date_gmt":"2026-04-20T00:10:48","guid":{"rendered":"https:\/\/kasskoer.ee\/product\/select-adult-grain-free-salmon-menu-koeratoit-10kg-2\/"},"modified":"2026-04-20T03:10:51","modified_gmt":"2026-04-20T00:10:51","slug":"select-adult-grain-free-salmon-menu-koeratoit-10kg","status":"publish","type":"product","link":"https:\/\/kasskoer.ee\/en\/toode\/select-adult-grain-free-salmon-menu-koeratoit-10kg\/","title":{"rendered":"Select Adult Grain Free Salmon Menu koeratoit 10kg"},"content":{"rendered":"<p>Picart Select Grain Free Salmon&nbsp;teraviljavaba t\u00e4iss\u00f6\u00f6t on ideaalne tundlikule nahale, \u00f5rnale seedimisele ja gluteenitalumatusele. <\/p>\n<ul>\n<li>V\u00e4rske l\u00f5hega<\/li>\n<li>Ei sisalda GMO koostisained &#8211;&nbsp;\u00fckski kasutatud koostisosa ei ole geneetiliselt muundatud.<\/li>\n<li>Antioks\u00fcdantidid &#8211;&nbsp;Tsitruselised koos paprika ja tomatiga (Lycoprotect Formula) on looduslike antioks\u00fcdantide allikas, mis tugevdavad immuuns\u00fcsteemi.<\/li>\n<li>Sisaldab kondroitiini ja gl\u00fckoosamiini &#8211;&nbsp;aitab liigesevalu ja turse vastu, soodustades k\u00f5hrekoe taastumist.<\/li>\n<li>Teraviljavaba<\/li>\n<li>Sisaldab 6 traditsioonilist taime, millel on seedimist soodustavad&nbsp;ja antioks\u00fcdantsed omadused:&nbsp;roheline tee, ingver, piparm\u00fcnt, salvei, p\u00f5ls-lambal\u00e4\u00e4tse seemned, rosmariiniekstrakt.<\/li>\n<li>Sisaldab&nbsp;kelaaditud mineraale &#8211; need mineraalid (nagu ka vitamiinid) on vajalikud normaalseks organismi t\u00f6\u00f6ks. Kelaaditud mineraalid on organismile kergemini omastatavad.<\/li>\n<li>V\u00e4ga isu\u00e4ratav maitse &#8211; t\u00e4nu v\u00e4rske l\u00f5he suurele sisaldusele on toit v\u00e4ga maitsev.<\/li>\n<li>Ei sisalda soja, kartulit, v\u00e4rvaineid, kunstlikke maitseaineid. Ilma lisatud suhkruta!<\/li>\n<\/ul>\n<p> <strong>Koostis<\/strong><br \/> Ookeanikala 42% (l\u00f5he 27%: deh\u00fcdreeritud 13%, v\u00e4rske 10%, \u00f5li 2%, h\u00fcdrol\u00fc\u00fcsitud 2%; deh\u00fcdreeritud ookeani valge kala 15%), hernet\u00e4rklis, kanarasv, yucca t\u00e4rklis, hernevalk, taimsed kiud, herned, p\u00e4rmid, tomatipulber, mineraalid, krill, Pimiento ekstrakt, prebiootikumid MOS &amp; FOS, tsitrusviljade ekstrakt, Yucca ekstrakt, gl\u00fckosamiin, MSM, kondroitiinsulfaat, roheline tee, roheline rannakarp, ingver, piparm\u00fcnt, salvei, lambal\u00e4\u00e4tse seemned, rosmariiniekstrakt.<\/p>\n<p> <strong>Anal\u00fc\u00fctiline koostis<\/strong><br \/> Toorvalk 30%, \u00f5lid ja rasvad 18%, anorgaaniline aine 9%, toorkiud 2,2%.<br \/> &nbsp; <\/p>\n<p><strong>Toitmisjuhend<\/strong><br \/> Anda loomale vastavalt tabelis soovitatud kogusele. V\u00e4rske vesi peab alati olema saadaval.&nbsp;<\/p>\n<p>P\u00e4rast kasutamist sulgege pakend kindlalt. Hoida jahedas ja kuivas kohas.<\/p>\n","protected":false},"excerpt":{"rendered":"<p>Select teraviljavaba l\u00f5hega t\u00e4istoit t\u00e4iskasvanud koertele.<\/p>\n","protected":false},"featured_media":5921,"template":"","meta":[],"product_cat":[688,64],"product_tag":[],"class_list":{"0":"post-15947","1":"product","2":"type-product","3":"status-publish","4":"has-post-thumbnail","6":"product_cat-koerad","7":"product_cat-koeratoit","8":"pa_brand-select","9":"pa_ean-683","10":"pa_kaal-10-000","11":"pa_tootjariik-hispaania","13":"first","14":"instock","15":"taxable","16":"shipping-taxable","17":"purchasable","18":"product-type-simple"},"_links":{"self":[{"href":"https:\/\/kasskoer.ee\/en\/wp-json\/wp\/v2\/product\/15947","targetHints":{"allow":["GET"]}}],"collection":[{"href":"https:\/\/kasskoer.ee\/en\/wp-json\/wp\/v2\/product"}],"about":[{"href":"https:\/\/kasskoer.ee\/en\/wp-json\/wp\/v2\/types\/product"}],"wp:featuredmedia":[{"embeddable":true,"href":"https:\/\/kasskoer.ee\/en\/wp-json\/wp\/v2\/media\/5921"}],"wp:attachment":[{"href":"https:\/\/kasskoer.ee\/en\/wp-json\/wp\/v2\/media?parent=15947"}],"wp:term":[{"taxonomy":"product_cat","embeddable":true,"href":"https:\/\/kasskoer.ee\/en\/wp-json\/wp\/v2\/product_cat?post=15947"},{"taxonomy":"product_tag","embeddable":true,"href":"https:\/\/kasskoer.ee\/en\/wp-json\/wp\/v2\/product_tag?post=15947"}],"curies":[{"name":"wp","href":"https:\/\/api.w.org\/{rel}","templated":true}]}}