{"id":15949,"date":"2026-04-20T03:10:51","date_gmt":"2026-04-20T00:10:51","guid":{"rendered":"https:\/\/kasskoer.ee\/product\/select-adult-sensitive-salmon-and-rice-koeratoit-12kg-2\/"},"modified":"2026-04-20T03:10:51","modified_gmt":"2026-04-20T00:10:51","slug":"select-adult-sensitive-salmon-and-rice-koeratoit-12kg","status":"publish","type":"product","link":"https:\/\/kasskoer.ee\/en\/toode\/select-adult-sensitive-salmon-and-rice-koeratoit-12kg\/","title":{"rendered":"Select Adult Sensitive Salmon and Rice koeratoit 12kg"},"content":{"rendered":"<p><b>Select l\u00f5he ja riisiga t\u00e4iss\u00f6\u00f6t keskmist ja suurt t\u00f5ugu tundliku seedimisega koertele.<\/b>&#13;<\/p>\n<li>L-karnitiin aitab p\u00f5letada rasva ja toetab lihaste arengut.<\/li>\n<p>&#13;<\/p>\n<li>Valgurikas gluteeni- ja GMO-vaba koostis.<\/li>\n<p>&#13;<\/p>\n<li>Postbiootikumid toetavad soolestiku mikrobiootat ja seedimist.<\/li>\n<p>&#13;<\/p>\n<li>Sisaldab gl\u00fckoosamiini ja kondroitiini liigeste tervise toetamiseks.<\/li>\n<p>&#13;<\/p>\n<li>Ei sisalda nisu, soja, maisi, kartulit, v\u00e4rvaineid, kunstlikke l\u00f5hnaaineid ega s\u00e4ilitusaineid. Ilma lisatud suhkruta!<\/li>\n<p>&#13;<br \/>\n<br \/>&#13;<br \/>\n<b>Koostis<\/b><br \/>&#13;<br \/>\nDeh\u00fcdreeritud l\u00f5he (19%), pruun riis (18%), bataat (18%), valge riis (8,9%), kana- ja kalkunirasv, deh\u00fcdreeritud muna (7,5%), deh\u00fcdreeritud peedimass (6%), terved herned (6%), h\u00fcdrol\u00fc\u00fcsitud l\u00f5he (3%), hernevalk, mineraalained, \u00f5llep\u00e4rm, deh\u00fcdreeritud \u00f5unamass (0,5%) (vastab 4,3% v\u00e4rsketele \u00f5untele), l\u00f5he\u00f5li (0,5%), postbiootikumid (inaktiveeritud \u00f5llep\u00e4rmi fermentatsioonitooted) (0,23%), kondroitiin (900 mg\/kg), gl\u00fckoosamiin (813 mg\/kg), t\u00e4\u00e4kliilia (Yucca schidigera).<br \/>&#13;<br \/>\n<br \/>&#13;<br \/>\n<b>Anal\u00fc\u00fctiline koostis<\/b><br \/>&#13;<br \/>\nToorvalk 25%, toorrasv 16%, anorgaanilised ained 7,5%, toorkiud 3,4%.<br \/>&#13;<br \/>\n<br \/>&#13;<br \/>\n<b>S\u00f6\u00f6dalisandid (1 kg kohta)<\/b><br \/>&#13;<br \/>\nToitainelised lisandid: vitamiin A (3a672a) 22 500 R\u00dc, vitamiin D3 (3a671) 1 800 R\u00dc, vitamiin E (3a700) 100 mg, raud (3b107) (raud(II)sulfaatmonoh\u00fcdraat) 40 mg, tsink (3b612) (tsinksulfaatmonoh\u00fcdraat) 80 mg, tsink (3b612) (metioniini h\u00fcdroks\u00fcanaloogi tsinkkelaat) 40 mg, vask (3b407) (vask(II)sulfaatpentah\u00fcdraat) 5 mg, vask (3b407) (metioniini h\u00fcdroks\u00fcanaloogi vaskkelaat) 5 mg, mangaan (3b505) (mangaan(II)sulfaatmonoh\u00fcdraat) 8 mg, mangaan (3b505) (metioniini h\u00fcdroks\u00fcanaloogi mangaanikelaat) 4 mg, jood  (3b201) (kaaliumjodaat) 1,125 mg, L-karnitiin 500 mg. Tehnoloogilised lisandid: antioks\u00fcdandid \u2013 tokoferooliekstrakt taimsetest \u00f5lidest 199 mg, rosmariiniekstrakt 128 mg.<br \/>&#13;<br \/>\n<br \/>&#13;<br \/>\n<b>S\u00f6\u00f6tmisjuhend<\/b><br \/> &#13;<br \/>\nS\u00f6\u00f6ta vastavalt pakendil oleva tabeli j\u00e4rgi. Joogivesi peab alati k\u00e4ttesaadav olema. P\u00e4rast kasutamist sulgege pakend kindlalt. Hoida jahedas ja kuivas kohas.<\/p>\n","protected":false},"excerpt":{"rendered":"<p>L\u00f5he ja riisiga t\u00e4iss\u00f6\u00f6t keskmist ja suurt t\u00f5ugu tundliku seedimisega t\u00e4iskasvanud koertele.<\/p>\n","protected":false},"featured_media":5924,"template":"","meta":[],"product_cat":[688,64],"product_tag":[],"class_list":{"0":"post-15949","1":"product","2":"type-product","3":"status-publish","4":"has-post-thumbnail","6":"product_cat-koerad","7":"product_cat-koeratoit","8":"pa_brand-select","9":"pa_ean-687","10":"pa_kaal-12-000","11":"pa_tootjariik-hispaania","13":"first","14":"instock","15":"taxable","16":"shipping-taxable","17":"purchasable","18":"product-type-simple"},"_links":{"self":[{"href":"https:\/\/kasskoer.ee\/en\/wp-json\/wp\/v2\/product\/15949","targetHints":{"allow":["GET"]}}],"collection":[{"href":"https:\/\/kasskoer.ee\/en\/wp-json\/wp\/v2\/product"}],"about":[{"href":"https:\/\/kasskoer.ee\/en\/wp-json\/wp\/v2\/types\/product"}],"wp:featuredmedia":[{"embeddable":true,"href":"https:\/\/kasskoer.ee\/en\/wp-json\/wp\/v2\/media\/5924"}],"wp:attachment":[{"href":"https:\/\/kasskoer.ee\/en\/wp-json\/wp\/v2\/media?parent=15949"}],"wp:term":[{"taxonomy":"product_cat","embeddable":true,"href":"https:\/\/kasskoer.ee\/en\/wp-json\/wp\/v2\/product_cat?post=15949"},{"taxonomy":"product_tag","embeddable":true,"href":"https:\/\/kasskoer.ee\/en\/wp-json\/wp\/v2\/product_tag?post=15949"}],"curies":[{"name":"wp","href":"https:\/\/api.w.org\/{rel}","templated":true}]}}