{"id":15954,"date":"2026-04-20T03:10:51","date_gmt":"2026-04-20T00:10:51","guid":{"rendered":"https:\/\/kasskoer.ee\/product\/eco-premium-blue-kassiliiv-5l-2\/"},"modified":"2026-04-20T03:10:51","modified_gmt":"2026-04-20T00:10:51","slug":"eco-premium-blue-kassiliiv-5l","status":"publish","type":"product","link":"https:\/\/kasskoer.ee\/en\/toode\/eco-premium-blue-kassiliiv-5l\/","title":{"rendered":"Eco-Premium Blue kassiliiv 5L"},"content":{"rendered":"<p><strong>Pakendist j\u00e4tkub umbes 30 p\u00e4evaks.<\/strong><br \/> Uue p\u00f5lvkonna kassitualeti t\u00e4iteaine ECO-Premium.&nbsp;See on revolutsiooniline leiutis lemmikloomade h\u00fcgieeni valdkonnas, mis on&nbsp;valmistatud orgaanilistest okaspuu kiududest&nbsp;vastavalt Austraalia patenteeritud valemile ja tootmistehnoloogiale.<br \/> <strong>Graanulid on naturaalse puidu l\u00f5hnaga ning atraktiivsuseks on 1% graanulitest sinist v\u00e4rvi.<\/strong> <\/p>\n<ul>\n<li>Imab suurep\u00e4raselt vedelikke (rohkem kui silikaat v\u00f5i bentoniit allapanu). Seet\u00f5ttu osutub l\u00f5puks tarbimine odavamaks.<\/li>\n<li>Neutraliseerib (mitte ei peida) ebameeldivaid l\u00f5hnu.<\/li>\n<li>Kokkupuutel vedelikuga moodustuvad tihedad t\u00fckid, mida on h\u00f5lpsasti v\u00f5imalik v\u00e4lja s\u00f5eluda ning seet\u00f5ttu ei ole kogu t\u00e4iteaine v\u00e4ljavahetamine vajalik.<\/li>\n<li>V\u00f5ib visata kanalisatsioonis\u00fcsteemi (biolagunev).<\/li>\n<li>Ei sisalda keemilisi lisaaineid.<\/li>\n<li>Ei j\u00e4\u00e4 k\u00e4ppade k\u00fclge, nii s\u00e4ilib teie kodus puhtus.<\/li>\n<li>T\u00e4iteaine moodustavad orgaanilised kiud on t\u00e4ielikult lagunevad ega kahjusta loodust.<\/li>\n<\/ul>\n<p> <strong>Koostis<\/strong><br \/> 100% orgaaniline m\u00e4nnikiud<br \/> &nbsp; <\/p>\n<p style=\"margin: 0px; font-stretch: normal; line-height: normal; font-family: Helvetica; color: rgb(38, 38, 38);\"><span style=\"font-kerning: none\"><b>Pakendi suurus<\/b><\/span><\/p>\n<p style=\"margin: 0px; font-stretch: normal; line-height: normal; font-family: Helvetica; color: rgb(38, 38, 38);\"><span style=\"font-kerning: none\">1,9kg (5l)<\/span><\/p>\n","protected":false},"excerpt":{"rendered":"<p>Eco-Premium puidugraanulitest paakuv kassiliiv.<\/p>\n","protected":false},"featured_media":5953,"template":"","meta":[],"product_cat":[689,565],"product_tag":[],"class_list":{"0":"post-15954","1":"product","2":"type-product","3":"status-publish","4":"has-post-thumbnail","6":"product_cat-kassid","7":"product_cat-kassiliivad","8":"pa_brand-eco-premium","9":"pa_ean-673","10":"pa_kaal-1-900","11":"pa_tootjariik-venemaa","13":"first","14":"outofstock","15":"taxable","16":"shipping-taxable","17":"purchasable","18":"product-type-simple"},"_links":{"self":[{"href":"https:\/\/kasskoer.ee\/en\/wp-json\/wp\/v2\/product\/15954","targetHints":{"allow":["GET"]}}],"collection":[{"href":"https:\/\/kasskoer.ee\/en\/wp-json\/wp\/v2\/product"}],"about":[{"href":"https:\/\/kasskoer.ee\/en\/wp-json\/wp\/v2\/types\/product"}],"wp:featuredmedia":[{"embeddable":true,"href":"https:\/\/kasskoer.ee\/en\/wp-json\/wp\/v2\/media\/5953"}],"wp:attachment":[{"href":"https:\/\/kasskoer.ee\/en\/wp-json\/wp\/v2\/media?parent=15954"}],"wp:term":[{"taxonomy":"product_cat","embeddable":true,"href":"https:\/\/kasskoer.ee\/en\/wp-json\/wp\/v2\/product_cat?post=15954"},{"taxonomy":"product_tag","embeddable":true,"href":"https:\/\/kasskoer.ee\/en\/wp-json\/wp\/v2\/product_tag?post=15954"}],"curies":[{"name":"wp","href":"https:\/\/api.w.org\/{rel}","templated":true}]}}