{"id":15956,"date":"2026-04-20T03:10:51","date_gmt":"2026-04-20T00:10:51","guid":{"rendered":"https:\/\/kasskoer.ee\/product\/record-punast-varvi-nailonist-traksid-koertele-s-2\/"},"modified":"2026-04-20T03:10:52","modified_gmt":"2026-04-20T00:10:52","slug":"record-punast-varvi-nailonist-traksid-koertele-s","status":"publish","type":"product","link":"https:\/\/kasskoer.ee\/en\/toode\/record-punast-varvi-nailonist-traksid-koertele-s\/","title":{"rendered":"Record punast v\u00e4rvi nailonist traksid koertele S"},"content":{"rendered":"<p>Traksidel on reguleeritavad 2 cm laiad rihmad, \u00fcmberm\u00f5\u00f5duks 41-66cm. Jalutusrihma kinnituse koht asub turja peal.<\/p>\n","protected":false},"excerpt":{"rendered":"<p>Record seljakinnitusega PVC pehmendustega traksid koertele.<\/p>\n","protected":false},"featured_media":12972,"template":"","meta":[],"product_cat":[1324],"product_tag":[],"class_list":{"0":"post-15956","1":"product","2":"type-product","3":"status-publish","4":"has-post-thumbnail","6":"product_cat-koerte-traksid","7":"pa_brand-record","8":"pa_ean-1041","9":"pa_kaal-0-300","10":"pa_tootjariik-itaalia","12":"first","13":"instock","14":"taxable","15":"shipping-taxable","16":"purchasable","17":"product-type-simple"},"_links":{"self":[{"href":"https:\/\/kasskoer.ee\/en\/wp-json\/wp\/v2\/product\/15956","targetHints":{"allow":["GET"]}}],"collection":[{"href":"https:\/\/kasskoer.ee\/en\/wp-json\/wp\/v2\/product"}],"about":[{"href":"https:\/\/kasskoer.ee\/en\/wp-json\/wp\/v2\/types\/product"}],"wp:featuredmedia":[{"embeddable":true,"href":"https:\/\/kasskoer.ee\/en\/wp-json\/wp\/v2\/media\/12972"}],"wp:attachment":[{"href":"https:\/\/kasskoer.ee\/en\/wp-json\/wp\/v2\/media?parent=15956"}],"wp:term":[{"taxonomy":"product_cat","embeddable":true,"href":"https:\/\/kasskoer.ee\/en\/wp-json\/wp\/v2\/product_cat?post=15956"},{"taxonomy":"product_tag","embeddable":true,"href":"https:\/\/kasskoer.ee\/en\/wp-json\/wp\/v2\/product_tag?post=15956"}],"curies":[{"name":"wp","href":"https:\/\/api.w.org\/{rel}","templated":true}]}}