{"id":15958,"date":"2026-04-20T03:10:51","date_gmt":"2026-04-20T00:10:51","guid":{"rendered":"https:\/\/kasskoer.ee\/product\/brit-premium-white-fish-margtoit-kassipoegadele-100g-2\/"},"modified":"2026-04-20T03:10:52","modified_gmt":"2026-04-20T00:10:52","slug":"brit-premium-white-fish-margtoit-kassipoegadele-100g","status":"publish","type":"product","link":"https:\/\/kasskoer.ee\/en\/toode\/brit-premium-white-fish-margtoit-kassipoegadele-100g\/","title":{"rendered":"Brit Premium White Fish m\u00e4rgtoit kassipoegadele 100g"},"content":{"rendered":"<p>Kassipoegadele m\u00f5eldud t\u00fckid siiakalaga kastmes. Premium m\u00e4rg-t\u00e4iss\u00f6\u00f6t kassipoegadele.<\/p>\n<p> <strong>Koostis<\/strong><br \/> Liha ja loomsed k\u00f5rvalsaadused 75% (t\u00fckkidena), kala ja kala k\u00f5rvalsaadused 9,3% (valge kala t\u00fckkidena), taimsed k\u00f5rvalsaadused, mineraalained. Ei sisalda toiduv\u00e4rve ega s\u00e4ilitusaineid.<\/p>\n<p> <strong>Anal\u00fc\u00fctilised koostisosad<\/strong><br \/> Toorvalk 9,5%, toorrasv 5%, toortuhk 2,5%, toorkiud 0,4%, niiskus 81%.<\/p>\n<p> <strong>S\u00f6\u00f6dalisandid&nbsp;<\/strong><br \/> D3-vitamiin (3a671) 160 R\u00dc, E-vitamiin (3a700) 100 mg, tsink (3b605) 10 mg, mangaan (3b502) 2 mg, vask (3b405) 1,2 mg, jood (3b202) 0,2 mg, tauriin (3a370) 520 mg, biotiin 0,1 mg.<\/p>\n","protected":false},"excerpt":{"rendered":"<p>Brit Premium siiakalaga einekotike kassipoegadele.<\/p>\n","protected":false},"featured_media":5957,"template":"","meta":[],"product_cat":[689,33],"product_tag":[],"class_list":{"0":"post-15958","1":"product","2":"type-product","3":"status-publish","4":"has-post-thumbnail","6":"product_cat-kassid","7":"product_cat-konservid-kassidele","8":"pa_brand-brit-premium","9":"pa_ean-644","10":"pa_kaal-0-100","11":"pa_tootjariik-tsehhi","13":"first","14":"instock","15":"taxable","16":"shipping-taxable","17":"purchasable","18":"product-type-simple"},"_links":{"self":[{"href":"https:\/\/kasskoer.ee\/en\/wp-json\/wp\/v2\/product\/15958","targetHints":{"allow":["GET"]}}],"collection":[{"href":"https:\/\/kasskoer.ee\/en\/wp-json\/wp\/v2\/product"}],"about":[{"href":"https:\/\/kasskoer.ee\/en\/wp-json\/wp\/v2\/types\/product"}],"wp:featuredmedia":[{"embeddable":true,"href":"https:\/\/kasskoer.ee\/en\/wp-json\/wp\/v2\/media\/5957"}],"wp:attachment":[{"href":"https:\/\/kasskoer.ee\/en\/wp-json\/wp\/v2\/media?parent=15958"}],"wp:term":[{"taxonomy":"product_cat","embeddable":true,"href":"https:\/\/kasskoer.ee\/en\/wp-json\/wp\/v2\/product_cat?post=15958"},{"taxonomy":"product_tag","embeddable":true,"href":"https:\/\/kasskoer.ee\/en\/wp-json\/wp\/v2\/product_tag?post=15958"}],"curies":[{"name":"wp","href":"https:\/\/api.w.org\/{rel}","templated":true}]}}