{"id":15959,"date":"2026-04-20T03:10:51","date_gmt":"2026-04-20T00:10:51","guid":{"rendered":"https:\/\/kasskoer.ee\/product\/brit-premium-salmon-margtoit-steriliseeritud-kassidele-100g-2\/"},"modified":"2026-04-20T03:10:52","modified_gmt":"2026-04-20T00:10:52","slug":"brit-premium-salmon-margtoit-steriliseeritud-kassidele-100g","status":"publish","type":"product","link":"https:\/\/kasskoer.ee\/en\/toode\/brit-premium-salmon-margtoit-steriliseeritud-kassidele-100g\/","title":{"rendered":"Brit Premium Salmon m\u00e4rgtoit steriliseeritud kassidele 100g"},"content":{"rendered":"<p>Steriliseeritud kassidele m\u00f5eldud t\u00fckid l\u00f5hega kastmes. Premium m\u00e4rg-t\u00e4iss\u00f6\u00f6t steriliseeritud kassidele.<\/p>\n<p> <strong>Koostis<\/strong><br \/> Liha ja loomsed k\u00f5rvalsaadused 78% (t\u00fckkidena), kala ja kala k\u00f5rvalsaadused 9,3% (l\u00f5he t\u00fckkidena), taimsed k\u00f5rvalsaadused (0,4% inuliini), mineraalained. Ei sisalda toiduv\u00e4rve ega s\u00e4ilitusaineid.<\/p>\n<p> <strong>Anal\u00fc\u00fctilised koostisosad<\/strong><br \/> Toorvalk 8,5%, toorrasv 3%, toortuhk 2,5%, toorkiud 1%, niiskus 82%.<\/p>\n<p> <strong>S\u00f6\u00f6dalisandid&nbsp;<\/strong><br \/> D3-vitamiin (3a671) 160 R\u00dc, E-vitamiin (3a700) 100 mg, tsink (3b605) 10 mg, mangaan (3b502) 2 mg, vask (3b405) 1,2 mg, jood (3b202) 0,2 mg, tauriin (3a370) 520 mg, biotiin 0,1 mg.<\/p>\n","protected":false},"excerpt":{"rendered":"<p>Brit Premium l\u00f5hega einekotike steriliseeritud kassidele.<\/p>\n","protected":false},"featured_media":5958,"template":"","meta":[],"product_cat":[689,33],"product_tag":[],"class_list":{"0":"post-15959","1":"product","2":"type-product","3":"status-publish","4":"has-post-thumbnail","6":"product_cat-kassid","7":"product_cat-konservid-kassidele","8":"pa_brand-brit-premium","9":"pa_ean-643","10":"pa_kaal-0-100","11":"pa_tootjariik-tsehhi","13":"first","14":"instock","15":"taxable","16":"shipping-taxable","17":"purchasable","18":"product-type-simple"},"_links":{"self":[{"href":"https:\/\/kasskoer.ee\/en\/wp-json\/wp\/v2\/product\/15959","targetHints":{"allow":["GET"]}}],"collection":[{"href":"https:\/\/kasskoer.ee\/en\/wp-json\/wp\/v2\/product"}],"about":[{"href":"https:\/\/kasskoer.ee\/en\/wp-json\/wp\/v2\/types\/product"}],"wp:featuredmedia":[{"embeddable":true,"href":"https:\/\/kasskoer.ee\/en\/wp-json\/wp\/v2\/media\/5958"}],"wp:attachment":[{"href":"https:\/\/kasskoer.ee\/en\/wp-json\/wp\/v2\/media?parent=15959"}],"wp:term":[{"taxonomy":"product_cat","embeddable":true,"href":"https:\/\/kasskoer.ee\/en\/wp-json\/wp\/v2\/product_cat?post=15959"},{"taxonomy":"product_tag","embeddable":true,"href":"https:\/\/kasskoer.ee\/en\/wp-json\/wp\/v2\/product_tag?post=15959"}],"curies":[{"name":"wp","href":"https:\/\/api.w.org\/{rel}","templated":true}]}}