{"id":15963,"date":"2026-04-20T03:10:51","date_gmt":"2026-04-20T00:10:51","guid":{"rendered":"https:\/\/kasskoer.ee\/product\/brit-premium-by-nature-konserv-pork-with-trachea-koertele-800g-2\/"},"modified":"2026-04-20T03:10:52","modified_gmt":"2026-04-20T00:10:52","slug":"brit-premium-by-nature-konserv-pork-with-trachea-koertele-800g","status":"publish","type":"product","link":"https:\/\/kasskoer.ee\/en\/toode\/brit-premium-by-nature-konserv-pork-with-trachea-koertele-800g\/","title":{"rendered":"Brit Premium by Nature konserv Pork with Trachea koertele 800g"},"content":{"rendered":"<p>Ideaalne t\u00e4ienduseks graanulite juurde. Kasutamiseks t\u00e4iss\u00f6\u00f6dana, einena v\u00f5i graanulite maitsestamiseks igat t\u00f5ugu t\u00e4iskasvanud koertele. Aitab muuta toitu isu\u00e4ratavamaks ja varustada vedelikuga. Sisaldab antioks\u00fcdantide allikat rosmariini, l\u00f5he\u00f5li, puuvilju ja maitsetaimi.<\/p>\n<ul>\n<li>V\u00e4ga h\u00e4sti seeditav ja suurep\u00e4rase maitsega.<\/li>\n<li>Tasakaalustatud toitainete, vitamiinide ja mineraalainete kogused.<\/li>\n<li>Ei sisalda teravilja, soola ega GMO-sid.<\/li>\n<\/ul>\n<p><strong>Koostis<\/strong><br \/> Sealiha 36%, seapuljong 35,5%, kana 21%, sea hingetoru 5%, rosmariin 1%, mineraalained 1%, l\u00f5he\u00f5li 0,5%.<\/p>\n<p> <strong>Anal\u00fc\u00fctilised koostisosad<\/strong><br \/> Toorvalk 8,5%, toorrasv 5,5%, toorkiud 0,3%, toortuhk 2,7%, niiskus 78,0%, kaltsium 0,3%, fosfor 0,3%, naatrium 0,5%.<\/p>\n<p> <strong>Toidukoostis<\/strong><br \/> D3-vitamiin (E671) 200 R\u00dc, E-vitamiin (3a700) 100 mg, tsink (3b606) 10 mg, raud (3b103) 8 mg, mangaan (3b502) 2 mg, jood (3b201) 0,5 mg, vask (3b405) 0,5 mg.<\/p>\n<p> <strong>Metaboliseeruv energia<\/strong><br \/> 1 020 kcal\/kg<\/p>\n<p> <strong>Toitmisjuhend<\/strong><br \/> P\u00e4evane annus v\u00f5ib varieeruda s\u00f5ltuvalt keskkonnast, suurusest, vanusest ja aktiivsusest. Andke toatemperatuuril. Kui te annate toodet toidu ja maitsete mitmekesistamiseks, v\u00e4hendage vastavalt igap\u00e4evase toidu p\u00e4evast annust. Tagage koerale juurdep\u00e4\u00e4s v\u00e4rskele joogiveele. S\u00e4ilitage kuivas ja jahedas kohas. P\u00e4rast avamist hoidke k\u00fclmkapis. K\u00f5lblik kuni ja partii number: vt pakendilt.<br \/> &nbsp;&nbsp;<\/p>\n<figure class=\"table\">\n<table>\n<thead>\n<tr>\n<th rowspan=\"1\">Koera kehakaal \/ p\u00e4evane annus<\/th>\n<th>T\u00e4iss\u00f6\u00f6dana&nbsp;<\/th>\n<th>T\u00e4iends\u00f6\u00f6dana, 50% p\u00e4evasest annusest<\/th>\n<th>T\u00e4iends\u00f6\u00f6dana, 25% p\u00e4evasest annusest<\/th>\n<\/tr>\n<\/thead>\n<tbody>\n<tr>\n<th rowspan=\"1\">V\u00e4ike (1-10 kg)<\/th>\n<td>200-400<\/td>\n<td>100-200<\/td>\n<td>50-100<\/td>\n<\/tr>\n<tr>\n<th rowspan=\"1\">Keskmine (10-25 kg)<\/th>\n<td>400-800<\/td>\n<td>200-400<\/td>\n<td>100-200<\/td>\n<\/tr>\n<tr>\n<th rowspan=\"1\">Suur (25-50 kg)<\/th>\n<td>800-1200<\/td>\n<td>400-600<\/td>\n<td>200-300<\/td>\n<\/tr>\n<tr>\n<th rowspan=\"1\">Eriti suur (50-70 kg)<\/th>\n<td>1200-1600<\/td>\n<td>600-800<\/td>\n<td>300-400<\/td>\n<\/tr>\n<\/tbody>\n<\/table>\n<\/figure>\n","protected":false},"excerpt":{"rendered":"<p>Brit Premium sealiha ja hingetoruga lihapasteet koertele.<\/p>\n","protected":false},"featured_media":14111,"template":"","meta":[],"product_cat":[688,106],"product_tag":[],"class_list":{"0":"post-15963","1":"product","2":"type-product","3":"status-publish","4":"has-post-thumbnail","6":"product_cat-koerad","7":"product_cat-konservid-koertele","8":"pa_brand-brit-premium","9":"pa_ean-2480","10":"pa_kaal-0-800","11":"pa_tootjariik-tsehhi","13":"first","14":"instock","15":"taxable","16":"shipping-taxable","17":"purchasable","18":"product-type-simple"},"_links":{"self":[{"href":"https:\/\/kasskoer.ee\/en\/wp-json\/wp\/v2\/product\/15963","targetHints":{"allow":["GET"]}}],"collection":[{"href":"https:\/\/kasskoer.ee\/en\/wp-json\/wp\/v2\/product"}],"about":[{"href":"https:\/\/kasskoer.ee\/en\/wp-json\/wp\/v2\/types\/product"}],"wp:featuredmedia":[{"embeddable":true,"href":"https:\/\/kasskoer.ee\/en\/wp-json\/wp\/v2\/media\/14111"}],"wp:attachment":[{"href":"https:\/\/kasskoer.ee\/en\/wp-json\/wp\/v2\/media?parent=15963"}],"wp:term":[{"taxonomy":"product_cat","embeddable":true,"href":"https:\/\/kasskoer.ee\/en\/wp-json\/wp\/v2\/product_cat?post=15963"},{"taxonomy":"product_tag","embeddable":true,"href":"https:\/\/kasskoer.ee\/en\/wp-json\/wp\/v2\/product_tag?post=15963"}],"curies":[{"name":"wp","href":"https:\/\/api.w.org\/{rel}","templated":true}]}}